{"id":651,"date":"2025-05-05T16:54:06","date_gmt":"2025-05-05T22:54:06","guid":{"rendered":"https:\/\/gulfsupply.com.mx\/?page_id=651"},"modified":"2025-06-13T22:52:22","modified_gmt":"2025-06-14T04:52:22","slug":"estimulaciones-quimicas","status":"publish","type":"page","link":"https:\/\/gulfsupply.com.mx\/en\/estimulaciones-quimicas\/","title":{"rendered":"Chemical Stimulatons"},"content":{"rendered":"<div class=\"wp-block-columns is-layout-flex wp-container-core-columns-is-layout-9d6595d7 wp-block-columns-is-layout-flex\">\n<div class=\"wp-block-column is-layout-flow wp-block-column-is-layout-flow\">\n<h6 class=\"wp-block-heading\">Nuestra empresa cuenta con amplia experiencia en&nbsp; estimulaciones qu\u00edmicas de pozos petroleros<\/h6>\n\n\n\n<p class=\"\">designing a wide variety of chemical systems in our research laboratory to optimize and improve our clients' production.<\/p>\n\n\n\n<ul class=\"wp-block-list\">\n<li class=\"\">Reactive systems.<\/li>\n\n\n\n<li class=\"\">Non-reactive systems.<\/li>\n\n\n\n<li class=\"\">Cleaning systems for removing organic solids from pipes.<\/li>\n<\/ul>\n<\/div>\n\n\n\n<div class=\"wp-block-column is-layout-flow wp-block-column-is-layout-flow\">\n<figure class=\"wp-block-image size-large\"><img data-recalc-dims=\"1\" decoding=\"async\" width=\"678\" height=\"667\" loading=\"lazy\" src=\"https:\/\/i0.wp.com\/gulfsupply.com.mx\/wp-content\/uploads\/2025\/05\/estimulaciones-matriciales-de-pozos-1360.jpg?resize=678%2C667&#038;ssl=1\" alt=\"\" class=\"wp-image-764\" srcset=\"https:\/\/i0.wp.com\/gulfsupply.com.mx\/wp-content\/uploads\/2025\/05\/estimulaciones-matriciales-de-pozos-1360-scaled.jpg?resize=1024%2C1007&amp;ssl=1 1024w, https:\/\/i0.wp.com\/gulfsupply.com.mx\/wp-content\/uploads\/2025\/05\/estimulaciones-matriciales-de-pozos-1360-scaled.jpg?resize=300%2C295&amp;ssl=1 300w, https:\/\/i0.wp.com\/gulfsupply.com.mx\/wp-content\/uploads\/2025\/05\/estimulaciones-matriciales-de-pozos-1360-scaled.jpg?resize=768%2C755&amp;ssl=1 768w, https:\/\/i0.wp.com\/gulfsupply.com.mx\/wp-content\/uploads\/2025\/05\/estimulaciones-matriciales-de-pozos-1360-scaled.jpg?resize=1536%2C1510&amp;ssl=1 1536w, https:\/\/i0.wp.com\/gulfsupply.com.mx\/wp-content\/uploads\/2025\/05\/estimulaciones-matriciales-de-pozos-1360-scaled.jpg?resize=2048%2C2013&amp;ssl=1 2048w, https:\/\/i0.wp.com\/gulfsupply.com.mx\/wp-content\/uploads\/2025\/05\/estimulaciones-matriciales-de-pozos-1360-scaled.jpg?w=1356&amp;ssl=1 1356w\" sizes=\"auto, (max-width: 678px) 100vw, 678px\" \/><\/figure>\n<\/div>\n<\/div>","protected":false},"excerpt":{"rendered":"<p>Nuestra empresa cuenta con amplia experiencia en&nbsp; estimulaciones qu\u00edmicas de pozos petroleros dise\u00f1ando en nuestro laboratorio de investigaci\u00f3n una gran variedad de sistemas qu\u00edmicos para la optimizaci\u00f3n y la mejora de la producci\u00f3n de nuestros clientes.<\/p>","protected":false},"author":1,"featured_media":0,"parent":0,"menu_order":0,"comment_status":"closed","ping_status":"closed","template":"","meta":{"nf_dc_page":"","om_disable_all_campaigns":false,"footnotes":""},"class_list":["post-651","page","type-page","status-publish","hentry"],"yoast_head":"<!-- This site is optimized with the Yoast SEO plugin v27.4 - https:\/\/yoast.com\/product\/yoast-seo-wordpress\/ -->\n<title>Estimulaciones Qu\u00edmicas - Gulf Supply<\/title>\n<meta name=\"robots\" content=\"index, follow, max-snippet:-1, max-image-preview:large, max-video-preview:-1\" \/>\n<link rel=\"canonical\" href=\"https:\/\/gulfsupply.com.mx\/en\/estimulaciones-quimicas\/\" \/>\n<meta property=\"og:locale\" content=\"en_US\" \/>\n<meta property=\"og:type\" content=\"article\" \/>\n<meta property=\"og:title\" content=\"Estimulaciones Qu\u00edmicas - Gulf Supply\" \/>\n<meta property=\"og:description\" content=\"Nuestra empresa cuenta con amplia experiencia en&nbsp; estimulaciones qu\u00edmicas de pozos petroleros dise\u00f1ando en nuestro laboratorio de investigaci\u00f3n una gran variedad de sistemas qu\u00edmicos para la optimizaci\u00f3n y la mejora de la producci\u00f3n de nuestros clientes.\" \/>\n<meta property=\"og:url\" content=\"https:\/\/gulfsupply.com.mx\/en\/estimulaciones-quimicas\/\" \/>\n<meta property=\"og:site_name\" content=\"Gulf Supply\" \/>\n<meta property=\"article:modified_time\" content=\"2025-06-14T04:52:22+00:00\" \/>\n<meta property=\"og:image\" content=\"https:\/\/gulfsupply.com.mx\/wp-content\/uploads\/2025\/05\/estimulaciones-matriciales-de-pozos-1360-1024x1007.jpg\" \/>\n<meta name=\"twitter:card\" content=\"summary_large_image\" \/>\n<meta name=\"twitter:label1\" content=\"Est. reading time\" \/>\n\t<meta name=\"twitter:data1\" content=\"1 minute\" \/>\n<script type=\"application\/ld+json\" class=\"yoast-schema-graph\">{\"@context\":\"https:\\\/\\\/schema.org\",\"@graph\":[{\"@type\":\"WebPage\",\"@id\":\"https:\\\/\\\/gulfsupply.com.mx\\\/estimulaciones-quimicas\\\/\",\"url\":\"https:\\\/\\\/gulfsupply.com.mx\\\/estimulaciones-quimicas\\\/\",\"name\":\"Estimulaciones Qu\u00edmicas - Gulf Supply\",\"isPartOf\":{\"@id\":\"https:\\\/\\\/gulfsupply.com.mx\\\/#website\"},\"primaryImageOfPage\":{\"@id\":\"https:\\\/\\\/gulfsupply.com.mx\\\/estimulaciones-quimicas\\\/#primaryimage\"},\"image\":{\"@id\":\"https:\\\/\\\/gulfsupply.com.mx\\\/estimulaciones-quimicas\\\/#primaryimage\"},\"thumbnailUrl\":\"https:\\\/\\\/gulfsupply.com.mx\\\/wp-content\\\/uploads\\\/2025\\\/05\\\/estimulaciones-matriciales-de-pozos-1360-1024x1007.jpg\",\"datePublished\":\"2025-05-05T22:54:06+00:00\",\"dateModified\":\"2025-06-14T04:52:22+00:00\",\"breadcrumb\":{\"@id\":\"https:\\\/\\\/gulfsupply.com.mx\\\/estimulaciones-quimicas\\\/#breadcrumb\"},\"inLanguage\":\"en-US\",\"potentialAction\":[{\"@type\":\"ReadAction\",\"target\":[\"https:\\\/\\\/gulfsupply.com.mx\\\/estimulaciones-quimicas\\\/\"]}]},{\"@type\":\"ImageObject\",\"inLanguage\":\"en-US\",\"@id\":\"https:\\\/\\\/gulfsupply.com.mx\\\/estimulaciones-quimicas\\\/#primaryimage\",\"url\":\"https:\\\/\\\/gulfsupply.com.mx\\\/wp-content\\\/uploads\\\/2025\\\/05\\\/estimulaciones-matriciales-de-pozos-1360-1024x1007.jpg\",\"contentUrl\":\"https:\\\/\\\/gulfsupply.com.mx\\\/wp-content\\\/uploads\\\/2025\\\/05\\\/estimulaciones-matriciales-de-pozos-1360-1024x1007.jpg\"},{\"@type\":\"BreadcrumbList\",\"@id\":\"https:\\\/\\\/gulfsupply.com.mx\\\/estimulaciones-quimicas\\\/#breadcrumb\",\"itemListElement\":[{\"@type\":\"ListItem\",\"position\":1,\"name\":\"Home\",\"item\":\"https:\\\/\\\/gulfsupply.com.mx\\\/\"},{\"@type\":\"ListItem\",\"position\":2,\"name\":\"Estimulaciones Qu\u00edmicas\"}]},{\"@type\":\"WebSite\",\"@id\":\"https:\\\/\\\/gulfsupply.com.mx\\\/#website\",\"url\":\"https:\\\/\\\/gulfsupply.com.mx\\\/\",\"name\":\"Gulf Supply\",\"description\":\"Inicio\",\"publisher\":{\"@id\":\"https:\\\/\\\/gulfsupply.com.mx\\\/#organization\"},\"potentialAction\":[{\"@type\":\"SearchAction\",\"target\":{\"@type\":\"EntryPoint\",\"urlTemplate\":\"https:\\\/\\\/gulfsupply.com.mx\\\/?s={search_term_string}\"},\"query-input\":{\"@type\":\"PropertyValueSpecification\",\"valueRequired\":true,\"valueName\":\"search_term_string\"}}],\"inLanguage\":\"en-US\"},{\"@type\":\"Organization\",\"@id\":\"https:\\\/\\\/gulfsupply.com.mx\\\/#organization\",\"name\":\"Gulf Supply\",\"url\":\"https:\\\/\\\/gulfsupply.com.mx\\\/\",\"logo\":{\"@type\":\"ImageObject\",\"inLanguage\":\"en-US\",\"@id\":\"https:\\\/\\\/gulfsupply.com.mx\\\/#\\\/schema\\\/logo\\\/image\\\/\",\"url\":\"https:\\\/\\\/i0.wp.com\\\/gulfsupply.com.mx\\\/wp-content\\\/uploads\\\/2025\\\/04\\\/cropped-438700815_992376719558600_8402714337920914076_n.jpg?fit=817%2C730&ssl=1\",\"contentUrl\":\"https:\\\/\\\/i0.wp.com\\\/gulfsupply.com.mx\\\/wp-content\\\/uploads\\\/2025\\\/04\\\/cropped-438700815_992376719558600_8402714337920914076_n.jpg?fit=817%2C730&ssl=1\",\"width\":817,\"height\":730,\"caption\":\"Gulf Supply\"},\"image\":{\"@id\":\"https:\\\/\\\/gulfsupply.com.mx\\\/#\\\/schema\\\/logo\\\/image\\\/\"}}]}<\/script>\n<!-- \/ Yoast SEO plugin. -->","yoast_head_json":{"title":"Estimulaciones Qu\u00edmicas - Gulf Supply","robots":{"index":"index","follow":"follow","max-snippet":"max-snippet:-1","max-image-preview":"max-image-preview:large","max-video-preview":"max-video-preview:-1"},"canonical":"https:\/\/gulfsupply.com.mx\/en\/estimulaciones-quimicas\/","og_locale":"en_US","og_type":"article","og_title":"Estimulaciones Qu\u00edmicas - Gulf Supply","og_description":"Nuestra empresa cuenta con amplia experiencia en&nbsp; estimulaciones qu\u00edmicas de pozos petroleros dise\u00f1ando en nuestro laboratorio de investigaci\u00f3n una gran variedad de sistemas qu\u00edmicos para la optimizaci\u00f3n y la mejora de la producci\u00f3n de nuestros clientes.","og_url":"https:\/\/gulfsupply.com.mx\/en\/estimulaciones-quimicas\/","og_site_name":"Gulf Supply","article_modified_time":"2025-06-14T04:52:22+00:00","og_image":[{"url":"https:\/\/gulfsupply.com.mx\/wp-content\/uploads\/2025\/05\/estimulaciones-matriciales-de-pozos-1360-1024x1007.jpg","type":"","width":"","height":""}],"twitter_card":"summary_large_image","twitter_misc":{"Est. reading time":"1 minute"},"schema":{"@context":"https:\/\/schema.org","@graph":[{"@type":"WebPage","@id":"https:\/\/gulfsupply.com.mx\/estimulaciones-quimicas\/","url":"https:\/\/gulfsupply.com.mx\/estimulaciones-quimicas\/","name":"Estimulaciones Qu\u00edmicas - Gulf Supply","isPartOf":{"@id":"https:\/\/gulfsupply.com.mx\/#website"},"primaryImageOfPage":{"@id":"https:\/\/gulfsupply.com.mx\/estimulaciones-quimicas\/#primaryimage"},"image":{"@id":"https:\/\/gulfsupply.com.mx\/estimulaciones-quimicas\/#primaryimage"},"thumbnailUrl":"https:\/\/gulfsupply.com.mx\/wp-content\/uploads\/2025\/05\/estimulaciones-matriciales-de-pozos-1360-1024x1007.jpg","datePublished":"2025-05-05T22:54:06+00:00","dateModified":"2025-06-14T04:52:22+00:00","breadcrumb":{"@id":"https:\/\/gulfsupply.com.mx\/estimulaciones-quimicas\/#breadcrumb"},"inLanguage":"en-US","potentialAction":[{"@type":"ReadAction","target":["https:\/\/gulfsupply.com.mx\/estimulaciones-quimicas\/"]}]},{"@type":"ImageObject","inLanguage":"en-US","@id":"https:\/\/gulfsupply.com.mx\/estimulaciones-quimicas\/#primaryimage","url":"https:\/\/gulfsupply.com.mx\/wp-content\/uploads\/2025\/05\/estimulaciones-matriciales-de-pozos-1360-1024x1007.jpg","contentUrl":"https:\/\/gulfsupply.com.mx\/wp-content\/uploads\/2025\/05\/estimulaciones-matriciales-de-pozos-1360-1024x1007.jpg"},{"@type":"BreadcrumbList","@id":"https:\/\/gulfsupply.com.mx\/estimulaciones-quimicas\/#breadcrumb","itemListElement":[{"@type":"ListItem","position":1,"name":"Home","item":"https:\/\/gulfsupply.com.mx\/"},{"@type":"ListItem","position":2,"name":"Estimulaciones Qu\u00edmicas"}]},{"@type":"WebSite","@id":"https:\/\/gulfsupply.com.mx\/#website","url":"https:\/\/gulfsupply.com.mx\/","name":"Gulf Supply","description":"Home","publisher":{"@id":"https:\/\/gulfsupply.com.mx\/#organization"},"potentialAction":[{"@type":"SearchAction","target":{"@type":"EntryPoint","urlTemplate":"https:\/\/gulfsupply.com.mx\/?s={search_term_string}"},"query-input":{"@type":"PropertyValueSpecification","valueRequired":true,"valueName":"search_term_string"}}],"inLanguage":"en-US"},{"@type":"Organization","@id":"https:\/\/gulfsupply.com.mx\/#organization","name":"Gulf Supply","url":"https:\/\/gulfsupply.com.mx\/","logo":{"@type":"ImageObject","inLanguage":"en-US","@id":"https:\/\/gulfsupply.com.mx\/#\/schema\/logo\/image\/","url":"https:\/\/i0.wp.com\/gulfsupply.com.mx\/wp-content\/uploads\/2025\/04\/cropped-438700815_992376719558600_8402714337920914076_n.jpg?fit=817%2C730&ssl=1","contentUrl":"https:\/\/i0.wp.com\/gulfsupply.com.mx\/wp-content\/uploads\/2025\/04\/cropped-438700815_992376719558600_8402714337920914076_n.jpg?fit=817%2C730&ssl=1","width":817,"height":730,"caption":"Gulf Supply"},"image":{"@id":"https:\/\/gulfsupply.com.mx\/#\/schema\/logo\/image\/"}}]}},"jetpack_sharing_enabled":true,"_links":{"self":[{"href":"https:\/\/gulfsupply.com.mx\/en\/wp-json\/wp\/v2\/pages\/651","targetHints":{"allow":["GET"]}}],"collection":[{"href":"https:\/\/gulfsupply.com.mx\/en\/wp-json\/wp\/v2\/pages"}],"about":[{"href":"https:\/\/gulfsupply.com.mx\/en\/wp-json\/wp\/v2\/types\/page"}],"author":[{"embeddable":true,"href":"https:\/\/gulfsupply.com.mx\/en\/wp-json\/wp\/v2\/users\/1"}],"replies":[{"embeddable":true,"href":"https:\/\/gulfsupply.com.mx\/en\/wp-json\/wp\/v2\/comments?post=651"}],"version-history":[{"count":5,"href":"https:\/\/gulfsupply.com.mx\/en\/wp-json\/wp\/v2\/pages\/651\/revisions"}],"predecessor-version":[{"id":1194,"href":"https:\/\/gulfsupply.com.mx\/en\/wp-json\/wp\/v2\/pages\/651\/revisions\/1194"}],"wp:attachment":[{"href":"https:\/\/gulfsupply.com.mx\/en\/wp-json\/wp\/v2\/media?parent=651"}],"curies":[{"name":"wp","href":"https:\/\/api.w.org\/{rel}","templated":true}]}}