{"id":379,"date":"2025-04-14T19:29:51","date_gmt":"2025-04-14T19:29:51","guid":{"rendered":"https:\/\/gulfsupply.com.mx\/?page_id=379"},"modified":"2025-06-13T22:08:24","modified_gmt":"2025-06-14T04:08:24","slug":"servicios-mantenimiento-general-instalaciones","status":"publish","type":"page","link":"https:\/\/gulfsupply.com.mx\/en\/servicios-mantenimiento-general-instalaciones\/","title":{"rendered":"Services from General Maintenance to Facilities"},"content":{"rendered":"<h6 class=\"wp-block-heading\">The Industrial Sector department was established in 2017 with the aim of providing quality services to the country's non-oil sector, beginning operations in southern Tamaulipas and northern Veracruz. <\/h6>\n\n\n\n<div class=\"wp-block-columns is-layout-flex wp-container-core-columns-is-layout-9d6595d7 wp-block-columns-is-layout-flex\">\n<div class=\"wp-block-column is-layout-flow wp-block-column-is-layout-flow\">\n<p class=\"\">With a broad catalog of services that allows it to adapt to any industrial sector: petrochemical, maquiladoras, thermoelectric plants, and refining. The experience and quality of its services allow Gulf Supply to meet the operational needs of our clients and offer tailored solutions for each type of business.<\/p>\n<\/div>\n<\/div>\n\n\n\n<div class=\"wp-block-columns is-layout-flex wp-container-core-columns-is-layout-9d6595d7 wp-block-columns-is-layout-flex\">\n<div class=\"wp-block-column is-layout-flow wp-block-column-is-layout-flow\">\n<ul class=\"wp-block-list\">\n<li class=\"\">Weed cutting and slashing.<\/li>\n\n\n\n<li class=\"\">Maintenance of air conditioning systems.<\/li>\n\n\n\n<li class=\"\">Application of anticorrosive coating systems.<\/li>\n\n\n\n<li class=\"\">Manufacturing and maintenance of metal structures.<\/li>\n\n\n\n<li class=\"\">Manufacturing and maintenance of process pipe sections.<\/li>\n\n\n\n<li class=\"\">Servicios de soldadura mediante proceso&nbsp;SMAW y&nbsp;GTAW.<\/li>\n<\/ul>\n<\/div>\n\n\n\n<div class=\"wp-block-column is-layout-flow wp-block-column-is-layout-flow\">\n<ul class=\"wp-block-list\">\n<li class=\"\">Movement of equipment and materials with an articulated crane.<\/li>\n\n\n\n<li class=\"\">Recharge air equipment self-contained on-site or in workshop.<\/li>\n\n\n\n<li class=\"\">Fixed crew for maintenance of electrical installations.<\/li>\n\n\n\n<li class=\"\">Servicio de mantenimiento de sistemas de puesta&nbsp;a&nbsp;tierra.<\/li>\n\n\n\n<li class=\"\">Servicio de mantenimiento a sistemas de detecci\u00f3n&nbsp;de&nbsp;incendio.<\/li>\n<\/ul>\n<\/div>\n<\/div>\n\n\n\n<div class=\"nfd-container nfd-p-md nfd-wb-gallery__gallery-2 wp-block-group\"><div class=\"wp-block-group__inner-container is-layout-constrained wp-block-group-is-layout-constrained\">\n<figure class=\"wp-block-gallery has-nested-images columns-4 is-cropped wp-block-gallery-1 is-layout-flex wp-block-gallery-is-layout-flex\">\n<figure class=\"nfd-mt-8 md:nfd-my-0 wp-block-image size-full\"><img data-recalc-dims=\"1\" decoding=\"async\" width=\"678\" height=\"466\" loading=\"lazy\" data-id=\"811\" src=\"https:\/\/i0.wp.com\/gulfsupply.com.mx\/wp-content\/uploads\/2025\/05\/pintura-anticorrosiva.jpg?resize=678%2C466&#038;ssl=1\" alt=\"\" class=\"wp-image-811\" style=\"aspect-ratio:3\/4;object-fit:cover\" srcset=\"https:\/\/i0.wp.com\/gulfsupply.com.mx\/wp-content\/uploads\/2025\/05\/pintura-anticorrosiva.jpg?w=943&amp;ssl=1 943w, https:\/\/i0.wp.com\/gulfsupply.com.mx\/wp-content\/uploads\/2025\/05\/pintura-anticorrosiva.jpg?resize=300%2C206&amp;ssl=1 300w, https:\/\/i0.wp.com\/gulfsupply.com.mx\/wp-content\/uploads\/2025\/05\/pintura-anticorrosiva.jpg?resize=768%2C528&amp;ssl=1 768w\" sizes=\"auto, (max-width: 678px) 100vw, 678px\" \/><\/figure>\n\n\n\n<figure class=\"nfd-mb-8 md:nfd-my-0 wp-block-image size-full\"><img data-recalc-dims=\"1\" decoding=\"async\" width=\"678\" height=\"431\" loading=\"lazy\" data-id=\"813\" src=\"https:\/\/i0.wp.com\/gulfsupply.com.mx\/wp-content\/uploads\/2025\/05\/soldadura.jpg?resize=678%2C431&#038;ssl=1\" alt=\"\" class=\"wp-image-813\" style=\"aspect-ratio:3\/4;object-fit:cover\" srcset=\"https:\/\/i0.wp.com\/gulfsupply.com.mx\/wp-content\/uploads\/2025\/05\/soldadura.jpg?w=1024&amp;ssl=1 1024w, https:\/\/i0.wp.com\/gulfsupply.com.mx\/wp-content\/uploads\/2025\/05\/soldadura.jpg?resize=300%2C191&amp;ssl=1 300w, https:\/\/i0.wp.com\/gulfsupply.com.mx\/wp-content\/uploads\/2025\/05\/soldadura.jpg?resize=768%2C488&amp;ssl=1 768w\" sizes=\"auto, (max-width: 678px) 100vw, 678px\" \/><\/figure>\n\n\n\n<figure class=\"nfd-mt-8 md:nfd-my-0 wp-block-image size-full\"><img data-recalc-dims=\"1\" decoding=\"async\" width=\"678\" height=\"430\" loading=\"lazy\" data-id=\"815\" src=\"https:\/\/i0.wp.com\/gulfsupply.com.mx\/wp-content\/uploads\/2025\/05\/estructura.jpg?resize=678%2C430&#038;ssl=1\" alt=\"\" class=\"wp-image-815\" style=\"aspect-ratio:3\/4;object-fit:cover\" srcset=\"https:\/\/i0.wp.com\/gulfsupply.com.mx\/wp-content\/uploads\/2025\/05\/estructura.jpg?w=1024&amp;ssl=1 1024w, https:\/\/i0.wp.com\/gulfsupply.com.mx\/wp-content\/uploads\/2025\/05\/estructura.jpg?resize=300%2C190&amp;ssl=1 300w, https:\/\/i0.wp.com\/gulfsupply.com.mx\/wp-content\/uploads\/2025\/05\/estructura.jpg?resize=768%2C488&amp;ssl=1 768w\" sizes=\"auto, (max-width: 678px) 100vw, 678px\" \/><\/figure>\n\n\n\n<figure class=\"nfd-mb-8 md:nfd-my-0 wp-block-image size-full\"><img data-recalc-dims=\"1\" decoding=\"async\" width=\"678\" height=\"431\" loading=\"lazy\" data-id=\"817\" src=\"https:\/\/i0.wp.com\/gulfsupply.com.mx\/wp-content\/uploads\/2025\/05\/sisteincendio.jpg?resize=678%2C431&#038;ssl=1\" alt=\"\" class=\"wp-image-817\" style=\"aspect-ratio:3\/4;object-fit:cover\" srcset=\"https:\/\/i0.wp.com\/gulfsupply.com.mx\/wp-content\/uploads\/2025\/05\/sisteincendio.jpg?w=1024&amp;ssl=1 1024w, https:\/\/i0.wp.com\/gulfsupply.com.mx\/wp-content\/uploads\/2025\/05\/sisteincendio.jpg?resize=300%2C191&amp;ssl=1 300w, https:\/\/i0.wp.com\/gulfsupply.com.mx\/wp-content\/uploads\/2025\/05\/sisteincendio.jpg?resize=768%2C488&amp;ssl=1 768w\" sizes=\"auto, (max-width: 678px) 100vw, 678px\" \/><\/figure>\n<\/figure>\n<\/div><\/div>\n\n\n\n<p class=\"\"><\/p>","protected":false},"excerpt":{"rendered":"<p>El departamento de Sector Industrial surge en 2017 con la finalidad de poner al alcance servicios de calidad al sector NO petrolero del pa\u00eds, iniciando operaciones en la zona sur de Tamaulipas y norte de Veracruz. Con un amplio cat\u00e1logo de servicios que le permite ajustarse a cualquier ramo industrial: petroqu\u00edmico, maquiladoras, termoel\u00e9ctricas y refinaci\u00f3n. [&hellip;]<\/p>\n","protected":false},"author":1,"featured_media":0,"parent":0,"menu_order":0,"comment_status":"closed","ping_status":"closed","template":"","meta":{"nf_dc_page":"","om_disable_all_campaigns":false,"footnotes":""},"class_list":["post-379","page","type-page","status-publish","hentry"],"yoast_head":"<!-- This site is optimized with the Yoast SEO plugin v27.4 - https:\/\/yoast.com\/product\/yoast-seo-wordpress\/ -->\n<title>Servicios de Mantenimiento General a Instalaciones - Gulf Supply<\/title>\n<meta name=\"robots\" content=\"index, follow, max-snippet:-1, max-image-preview:large, max-video-preview:-1\" \/>\n<link rel=\"canonical\" href=\"https:\/\/gulfsupply.com.mx\/en\/servicios-mantenimiento-general-instalaciones\/\" \/>\n<meta property=\"og:locale\" content=\"en_US\" \/>\n<meta property=\"og:type\" content=\"article\" \/>\n<meta property=\"og:title\" content=\"Servicios de Mantenimiento General a Instalaciones - Gulf Supply\" \/>\n<meta property=\"og:description\" content=\"El departamento de Sector Industrial surge en 2017 con la finalidad de poner al alcance servicios de calidad al sector NO petrolero del pa\u00eds, iniciando operaciones en la zona sur de Tamaulipas y norte de Veracruz. Con un amplio cat\u00e1logo de servicios que le permite ajustarse a cualquier ramo industrial: petroqu\u00edmico, maquiladoras, termoel\u00e9ctricas y refinaci\u00f3n. [&hellip;]\" \/>\n<meta property=\"og:url\" content=\"https:\/\/gulfsupply.com.mx\/en\/servicios-mantenimiento-general-instalaciones\/\" \/>\n<meta property=\"og:site_name\" content=\"Gulf Supply\" \/>\n<meta property=\"article:modified_time\" content=\"2025-06-14T04:08:24+00:00\" \/>\n<meta property=\"og:image\" content=\"https:\/\/gulfsupply.com.mx\/wp-content\/uploads\/2025\/05\/pintura-anticorrosiva.jpg\" \/>\n<meta name=\"twitter:card\" content=\"summary_large_image\" \/>\n<meta name=\"twitter:label1\" content=\"Est. reading time\" \/>\n\t<meta name=\"twitter:data1\" content=\"2 minutes\" \/>\n<script type=\"application\/ld+json\" class=\"yoast-schema-graph\">{\"@context\":\"https:\\\/\\\/schema.org\",\"@graph\":[{\"@type\":\"WebPage\",\"@id\":\"https:\\\/\\\/gulfsupply.com.mx\\\/servicios-mantenimiento-general-instalaciones\\\/\",\"url\":\"https:\\\/\\\/gulfsupply.com.mx\\\/servicios-mantenimiento-general-instalaciones\\\/\",\"name\":\"Servicios de Mantenimiento General a Instalaciones - Gulf Supply\",\"isPartOf\":{\"@id\":\"https:\\\/\\\/gulfsupply.com.mx\\\/#website\"},\"primaryImageOfPage\":{\"@id\":\"https:\\\/\\\/gulfsupply.com.mx\\\/servicios-mantenimiento-general-instalaciones\\\/#primaryimage\"},\"image\":{\"@id\":\"https:\\\/\\\/gulfsupply.com.mx\\\/servicios-mantenimiento-general-instalaciones\\\/#primaryimage\"},\"thumbnailUrl\":\"https:\\\/\\\/gulfsupply.com.mx\\\/wp-content\\\/uploads\\\/2025\\\/05\\\/pintura-anticorrosiva.jpg\",\"datePublished\":\"2025-04-14T19:29:51+00:00\",\"dateModified\":\"2025-06-14T04:08:24+00:00\",\"breadcrumb\":{\"@id\":\"https:\\\/\\\/gulfsupply.com.mx\\\/servicios-mantenimiento-general-instalaciones\\\/#breadcrumb\"},\"inLanguage\":\"en-US\",\"potentialAction\":[{\"@type\":\"ReadAction\",\"target\":[\"https:\\\/\\\/gulfsupply.com.mx\\\/servicios-mantenimiento-general-instalaciones\\\/\"]}]},{\"@type\":\"ImageObject\",\"inLanguage\":\"en-US\",\"@id\":\"https:\\\/\\\/gulfsupply.com.mx\\\/servicios-mantenimiento-general-instalaciones\\\/#primaryimage\",\"url\":\"https:\\\/\\\/gulfsupply.com.mx\\\/wp-content\\\/uploads\\\/2025\\\/05\\\/pintura-anticorrosiva.jpg\",\"contentUrl\":\"https:\\\/\\\/gulfsupply.com.mx\\\/wp-content\\\/uploads\\\/2025\\\/05\\\/pintura-anticorrosiva.jpg\"},{\"@type\":\"BreadcrumbList\",\"@id\":\"https:\\\/\\\/gulfsupply.com.mx\\\/servicios-mantenimiento-general-instalaciones\\\/#breadcrumb\",\"itemListElement\":[{\"@type\":\"ListItem\",\"position\":1,\"name\":\"Home\",\"item\":\"https:\\\/\\\/gulfsupply.com.mx\\\/\"},{\"@type\":\"ListItem\",\"position\":2,\"name\":\"Servicios de Mantenimiento General a Instalaciones\"}]},{\"@type\":\"WebSite\",\"@id\":\"https:\\\/\\\/gulfsupply.com.mx\\\/#website\",\"url\":\"https:\\\/\\\/gulfsupply.com.mx\\\/\",\"name\":\"Gulf Supply\",\"description\":\"Inicio\",\"publisher\":{\"@id\":\"https:\\\/\\\/gulfsupply.com.mx\\\/#organization\"},\"potentialAction\":[{\"@type\":\"SearchAction\",\"target\":{\"@type\":\"EntryPoint\",\"urlTemplate\":\"https:\\\/\\\/gulfsupply.com.mx\\\/?s={search_term_string}\"},\"query-input\":{\"@type\":\"PropertyValueSpecification\",\"valueRequired\":true,\"valueName\":\"search_term_string\"}}],\"inLanguage\":\"en-US\"},{\"@type\":\"Organization\",\"@id\":\"https:\\\/\\\/gulfsupply.com.mx\\\/#organization\",\"name\":\"Gulf Supply\",\"url\":\"https:\\\/\\\/gulfsupply.com.mx\\\/\",\"logo\":{\"@type\":\"ImageObject\",\"inLanguage\":\"en-US\",\"@id\":\"https:\\\/\\\/gulfsupply.com.mx\\\/#\\\/schema\\\/logo\\\/image\\\/\",\"url\":\"https:\\\/\\\/i0.wp.com\\\/gulfsupply.com.mx\\\/wp-content\\\/uploads\\\/2025\\\/04\\\/cropped-438700815_992376719558600_8402714337920914076_n.jpg?fit=817%2C730&ssl=1\",\"contentUrl\":\"https:\\\/\\\/i0.wp.com\\\/gulfsupply.com.mx\\\/wp-content\\\/uploads\\\/2025\\\/04\\\/cropped-438700815_992376719558600_8402714337920914076_n.jpg?fit=817%2C730&ssl=1\",\"width\":817,\"height\":730,\"caption\":\"Gulf Supply\"},\"image\":{\"@id\":\"https:\\\/\\\/gulfsupply.com.mx\\\/#\\\/schema\\\/logo\\\/image\\\/\"}}]}<\/script>\n<!-- \/ Yoast SEO plugin. -->","yoast_head_json":{"title":"Servicios de Mantenimiento General a Instalaciones - Gulf Supply","robots":{"index":"index","follow":"follow","max-snippet":"max-snippet:-1","max-image-preview":"max-image-preview:large","max-video-preview":"max-video-preview:-1"},"canonical":"https:\/\/gulfsupply.com.mx\/en\/servicios-mantenimiento-general-instalaciones\/","og_locale":"en_US","og_type":"article","og_title":"Servicios de Mantenimiento General a Instalaciones - Gulf Supply","og_description":"El departamento de Sector Industrial surge en 2017 con la finalidad de poner al alcance servicios de calidad al sector NO petrolero del pa\u00eds, iniciando operaciones en la zona sur de Tamaulipas y norte de Veracruz. Con un amplio cat\u00e1logo de servicios que le permite ajustarse a cualquier ramo industrial: petroqu\u00edmico, maquiladoras, termoel\u00e9ctricas y refinaci\u00f3n. [&hellip;]","og_url":"https:\/\/gulfsupply.com.mx\/en\/servicios-mantenimiento-general-instalaciones\/","og_site_name":"Gulf Supply","article_modified_time":"2025-06-14T04:08:24+00:00","og_image":[{"url":"https:\/\/gulfsupply.com.mx\/wp-content\/uploads\/2025\/05\/pintura-anticorrosiva.jpg","type":"","width":"","height":""}],"twitter_card":"summary_large_image","twitter_misc":{"Est. reading time":"2 minutes"},"schema":{"@context":"https:\/\/schema.org","@graph":[{"@type":"WebPage","@id":"https:\/\/gulfsupply.com.mx\/servicios-mantenimiento-general-instalaciones\/","url":"https:\/\/gulfsupply.com.mx\/servicios-mantenimiento-general-instalaciones\/","name":"Servicios de Mantenimiento General a Instalaciones - Gulf Supply","isPartOf":{"@id":"https:\/\/gulfsupply.com.mx\/#website"},"primaryImageOfPage":{"@id":"https:\/\/gulfsupply.com.mx\/servicios-mantenimiento-general-instalaciones\/#primaryimage"},"image":{"@id":"https:\/\/gulfsupply.com.mx\/servicios-mantenimiento-general-instalaciones\/#primaryimage"},"thumbnailUrl":"https:\/\/gulfsupply.com.mx\/wp-content\/uploads\/2025\/05\/pintura-anticorrosiva.jpg","datePublished":"2025-04-14T19:29:51+00:00","dateModified":"2025-06-14T04:08:24+00:00","breadcrumb":{"@id":"https:\/\/gulfsupply.com.mx\/servicios-mantenimiento-general-instalaciones\/#breadcrumb"},"inLanguage":"en-US","potentialAction":[{"@type":"ReadAction","target":["https:\/\/gulfsupply.com.mx\/servicios-mantenimiento-general-instalaciones\/"]}]},{"@type":"ImageObject","inLanguage":"en-US","@id":"https:\/\/gulfsupply.com.mx\/servicios-mantenimiento-general-instalaciones\/#primaryimage","url":"https:\/\/gulfsupply.com.mx\/wp-content\/uploads\/2025\/05\/pintura-anticorrosiva.jpg","contentUrl":"https:\/\/gulfsupply.com.mx\/wp-content\/uploads\/2025\/05\/pintura-anticorrosiva.jpg"},{"@type":"BreadcrumbList","@id":"https:\/\/gulfsupply.com.mx\/servicios-mantenimiento-general-instalaciones\/#breadcrumb","itemListElement":[{"@type":"ListItem","position":1,"name":"Home","item":"https:\/\/gulfsupply.com.mx\/"},{"@type":"ListItem","position":2,"name":"Servicios de Mantenimiento General a Instalaciones"}]},{"@type":"WebSite","@id":"https:\/\/gulfsupply.com.mx\/#website","url":"https:\/\/gulfsupply.com.mx\/","name":"Gulf Supply","description":"Home","publisher":{"@id":"https:\/\/gulfsupply.com.mx\/#organization"},"potentialAction":[{"@type":"SearchAction","target":{"@type":"EntryPoint","urlTemplate":"https:\/\/gulfsupply.com.mx\/?s={search_term_string}"},"query-input":{"@type":"PropertyValueSpecification","valueRequired":true,"valueName":"search_term_string"}}],"inLanguage":"en-US"},{"@type":"Organization","@id":"https:\/\/gulfsupply.com.mx\/#organization","name":"Gulf Supply","url":"https:\/\/gulfsupply.com.mx\/","logo":{"@type":"ImageObject","inLanguage":"en-US","@id":"https:\/\/gulfsupply.com.mx\/#\/schema\/logo\/image\/","url":"https:\/\/i0.wp.com\/gulfsupply.com.mx\/wp-content\/uploads\/2025\/04\/cropped-438700815_992376719558600_8402714337920914076_n.jpg?fit=817%2C730&ssl=1","contentUrl":"https:\/\/i0.wp.com\/gulfsupply.com.mx\/wp-content\/uploads\/2025\/04\/cropped-438700815_992376719558600_8402714337920914076_n.jpg?fit=817%2C730&ssl=1","width":817,"height":730,"caption":"Gulf Supply"},"image":{"@id":"https:\/\/gulfsupply.com.mx\/#\/schema\/logo\/image\/"}}]}},"jetpack_sharing_enabled":true,"_links":{"self":[{"href":"https:\/\/gulfsupply.com.mx\/en\/wp-json\/wp\/v2\/pages\/379","targetHints":{"allow":["GET"]}}],"collection":[{"href":"https:\/\/gulfsupply.com.mx\/en\/wp-json\/wp\/v2\/pages"}],"about":[{"href":"https:\/\/gulfsupply.com.mx\/en\/wp-json\/wp\/v2\/types\/page"}],"author":[{"embeddable":true,"href":"https:\/\/gulfsupply.com.mx\/en\/wp-json\/wp\/v2\/users\/1"}],"replies":[{"embeddable":true,"href":"https:\/\/gulfsupply.com.mx\/en\/wp-json\/wp\/v2\/comments?post=379"}],"version-history":[{"count":5,"href":"https:\/\/gulfsupply.com.mx\/en\/wp-json\/wp\/v2\/pages\/379\/revisions"}],"predecessor-version":[{"id":1188,"href":"https:\/\/gulfsupply.com.mx\/en\/wp-json\/wp\/v2\/pages\/379\/revisions\/1188"}],"wp:attachment":[{"href":"https:\/\/gulfsupply.com.mx\/en\/wp-json\/wp\/v2\/media?parent=379"}],"curies":[{"name":"wp","href":"https:\/\/api.w.org\/{rel}","templated":true}]}}