{"id":272,"date":"2025-04-12T23:34:12","date_gmt":"2025-04-12T23:34:12","guid":{"rendered":"https:\/\/gulfsupply.com.mx\/?page_id=272"},"modified":"2025-05-27T11:25:05","modified_gmt":"2025-05-27T17:25:05","slug":"destape-de-lineas-de-produccion","status":"publish","type":"page","link":"https:\/\/gulfsupply.com.mx\/en\/destape-de-lineas-de-produccion\/","title":{"rendered":"Uncovering of Production Lines"},"content":{"rendered":"<h2 class=\"wp-block-heading\"><\/h2>\n\n\n\n<div class=\"wp-block-columns is-layout-flex wp-container-core-columns-is-layout-9d6595d7 wp-block-columns-is-layout-flex\">\n<div class=\"wp-block-column is-layout-flow wp-block-column-is-layout-flow\">\n<p class=\"has-medium-font-size\"><strong>Gulf Supply has 15 continuous years of chemical cleaning (unclogging) of lines and equipment that operate with vacuum residue, asphalt and heavy fuel oil<\/strong>\u00a0by means of injecting an emulsifying chemical product with many operational advantages such as working at low temperatures or ambient temperatures, injection at controlled pressure, no equipment dismantling, no pipe cutting, no new installations, and all work done in an orderly and clean manner.<\/p>\n<\/div>\n<\/div>\n\n\n\n<div class=\"nfd-container nfd-p-md nfd-wb-gallery__gallery-2 wp-block-group\"><div class=\"wp-block-group__inner-container is-layout-constrained wp-block-group-is-layout-constrained\">\n<figure class=\"wp-block-gallery has-nested-images columns-4 is-cropped wp-block-gallery-1 is-layout-flex wp-block-gallery-is-layout-flex\">\n<figure class=\"nfd-mt-8 md:nfd-my-0 wp-block-image size-full\"><img data-recalc-dims=\"1\" decoding=\"async\" width=\"678\" height=\"453\" loading=\"lazy\" data-id=\"901\" src=\"https:\/\/i0.wp.com\/gulfsupply.com.mx\/wp-content\/uploads\/2025\/05\/destape01.jpg?resize=678%2C453&#038;ssl=1\" alt=\"\" class=\"wp-image-901\" style=\"aspect-ratio:3\/4;object-fit:cover\" srcset=\"https:\/\/i0.wp.com\/gulfsupply.com.mx\/wp-content\/uploads\/2025\/05\/destape01.jpg?w=1024&amp;ssl=1 1024w, https:\/\/i0.wp.com\/gulfsupply.com.mx\/wp-content\/uploads\/2025\/05\/destape01.jpg?resize=300%2C200&amp;ssl=1 300w, https:\/\/i0.wp.com\/gulfsupply.com.mx\/wp-content\/uploads\/2025\/05\/destape01.jpg?resize=768%2C513&amp;ssl=1 768w\" sizes=\"auto, (max-width: 678px) 100vw, 678px\" \/><\/figure>\n\n\n\n<figure class=\"nfd-mb-8 md:nfd-my-0 wp-block-image size-full\"><img data-recalc-dims=\"1\" decoding=\"async\" width=\"678\" height=\"452\" loading=\"lazy\" data-id=\"903\" src=\"https:\/\/i0.wp.com\/gulfsupply.com.mx\/wp-content\/uploads\/2025\/05\/destape02.jpg?resize=678%2C452&#038;ssl=1\" alt=\"\" class=\"wp-image-903\" style=\"aspect-ratio:3\/4;object-fit:cover\" srcset=\"https:\/\/i0.wp.com\/gulfsupply.com.mx\/wp-content\/uploads\/2025\/05\/destape02.jpg?w=1024&amp;ssl=1 1024w, https:\/\/i0.wp.com\/gulfsupply.com.mx\/wp-content\/uploads\/2025\/05\/destape02.jpg?resize=300%2C200&amp;ssl=1 300w, https:\/\/i0.wp.com\/gulfsupply.com.mx\/wp-content\/uploads\/2025\/05\/destape02.jpg?resize=768%2C512&amp;ssl=1 768w\" sizes=\"auto, (max-width: 678px) 100vw, 678px\" \/><\/figure>\n\n\n\n<figure class=\"nfd-mt-8 md:nfd-my-0 wp-block-image size-full\"><img data-recalc-dims=\"1\" decoding=\"async\" width=\"678\" height=\"509\" loading=\"lazy\" data-id=\"905\" src=\"https:\/\/i0.wp.com\/gulfsupply.com.mx\/wp-content\/uploads\/2025\/05\/destape03.jpg?resize=678%2C509&#038;ssl=1\" alt=\"\" class=\"wp-image-905\" style=\"aspect-ratio:3\/4;object-fit:cover\" srcset=\"https:\/\/i0.wp.com\/gulfsupply.com.mx\/wp-content\/uploads\/2025\/05\/destape03.jpg?w=1024&amp;ssl=1 1024w, https:\/\/i0.wp.com\/gulfsupply.com.mx\/wp-content\/uploads\/2025\/05\/destape03.jpg?resize=300%2C225&amp;ssl=1 300w, https:\/\/i0.wp.com\/gulfsupply.com.mx\/wp-content\/uploads\/2025\/05\/destape03.jpg?resize=768%2C576&amp;ssl=1 768w\" sizes=\"auto, (max-width: 678px) 100vw, 678px\" \/><\/figure>\n\n\n\n<figure class=\"nfd-mb-8 md:nfd-my-0 wp-block-image size-large\"><img data-recalc-dims=\"1\" decoding=\"async\" width=\"678\" height=\"430\" loading=\"lazy\" data-id=\"735\" src=\"https:\/\/i0.wp.com\/gulfsupply.com.mx\/wp-content\/uploads\/2025\/05\/destape-de-lineas-1360.jpg?resize=678%2C430&#038;ssl=1\" alt=\"\" class=\"wp-image-735\" style=\"aspect-ratio:3\/4;object-fit:cover\" srcset=\"https:\/\/i0.wp.com\/gulfsupply.com.mx\/wp-content\/uploads\/2025\/05\/destape-de-lineas-1360.jpg?resize=1024%2C650&amp;ssl=1 1024w, https:\/\/i0.wp.com\/gulfsupply.com.mx\/wp-content\/uploads\/2025\/05\/destape-de-lineas-1360.jpg?resize=300%2C190&amp;ssl=1 300w, https:\/\/i0.wp.com\/gulfsupply.com.mx\/wp-content\/uploads\/2025\/05\/destape-de-lineas-1360.jpg?resize=768%2C487&amp;ssl=1 768w, https:\/\/i0.wp.com\/gulfsupply.com.mx\/wp-content\/uploads\/2025\/05\/destape-de-lineas-1360.jpg?resize=1536%2C974&amp;ssl=1 1536w, https:\/\/i0.wp.com\/gulfsupply.com.mx\/wp-content\/uploads\/2025\/05\/destape-de-lineas-1360.jpg?w=2048&amp;ssl=1 2048w, https:\/\/i0.wp.com\/gulfsupply.com.mx\/wp-content\/uploads\/2025\/05\/destape-de-lineas-1360.jpg?w=1356&amp;ssl=1 1356w\" sizes=\"auto, (max-width: 678px) 100vw, 678px\" \/><\/figure>\n<\/figure>\n<\/div><\/div>","protected":false},"excerpt":{"rendered":"<p>Gulf Supply tiene 15 a\u00f1os continuos realizando limpieza qu\u00edmica (destapes) de l\u00edneas y equipos que operan con residuo de vac\u00edo, asfalto y combust\u00f3leo pesado\u00a0por medio de inyecci\u00f3n de un producto qu\u00edmico emulsificante con muchas ventajas operativas como trabajos a bajas temperaturas o temperatura ambiente, inyecci\u00f3n a presi\u00f3n controlada, no se desmontan equipos, no realizamos cortes [&hellip;]<\/p>\n","protected":false},"author":1,"featured_media":0,"parent":0,"menu_order":0,"comment_status":"closed","ping_status":"closed","template":"","meta":{"nf_dc_page":"","om_disable_all_campaigns":false,"footnotes":""},"class_list":["post-272","page","type-page","status-publish","hentry"],"yoast_head":"<!-- This site is optimized with the Yoast SEO plugin v27.4 - https:\/\/yoast.com\/product\/yoast-seo-wordpress\/ -->\n<title>Destape de L\u00edneas de Producci\u00f3n - Gulf Supply<\/title>\n<meta name=\"robots\" content=\"index, follow, max-snippet:-1, max-image-preview:large, max-video-preview:-1\" \/>\n<link rel=\"canonical\" href=\"https:\/\/gulfsupply.com.mx\/en\/destape-de-lineas-de-produccion\/\" \/>\n<meta property=\"og:locale\" content=\"en_US\" \/>\n<meta property=\"og:type\" content=\"article\" \/>\n<meta property=\"og:title\" content=\"Destape de L\u00edneas de Producci\u00f3n - Gulf Supply\" \/>\n<meta property=\"og:description\" content=\"Gulf Supply tiene 15 a\u00f1os continuos realizando limpieza qu\u00edmica (destapes) de l\u00edneas y equipos que operan con residuo de vac\u00edo, asfalto y combust\u00f3leo pesado\u00a0por medio de inyecci\u00f3n de un producto qu\u00edmico emulsificante con muchas ventajas operativas como trabajos a bajas temperaturas o temperatura ambiente, inyecci\u00f3n a presi\u00f3n controlada, no se desmontan equipos, no realizamos cortes [&hellip;]\" \/>\n<meta property=\"og:url\" content=\"https:\/\/gulfsupply.com.mx\/en\/destape-de-lineas-de-produccion\/\" \/>\n<meta property=\"og:site_name\" content=\"Gulf Supply\" \/>\n<meta property=\"article:modified_time\" content=\"2025-05-27T17:25:05+00:00\" \/>\n<meta property=\"og:image\" content=\"https:\/\/gulfsupply.com.mx\/wp-content\/uploads\/2025\/05\/destape01.jpg\" \/>\n<meta name=\"twitter:card\" content=\"summary_large_image\" \/>\n<meta name=\"twitter:label1\" content=\"Est. reading time\" \/>\n\t<meta name=\"twitter:data1\" content=\"2 minutes\" \/>\n<script type=\"application\/ld+json\" class=\"yoast-schema-graph\">{\"@context\":\"https:\\\/\\\/schema.org\",\"@graph\":[{\"@type\":\"WebPage\",\"@id\":\"https:\\\/\\\/gulfsupply.com.mx\\\/destape-de-lineas-de-produccion\\\/\",\"url\":\"https:\\\/\\\/gulfsupply.com.mx\\\/destape-de-lineas-de-produccion\\\/\",\"name\":\"Destape de L\u00edneas de Producci\u00f3n - Gulf Supply\",\"isPartOf\":{\"@id\":\"https:\\\/\\\/gulfsupply.com.mx\\\/#website\"},\"primaryImageOfPage\":{\"@id\":\"https:\\\/\\\/gulfsupply.com.mx\\\/destape-de-lineas-de-produccion\\\/#primaryimage\"},\"image\":{\"@id\":\"https:\\\/\\\/gulfsupply.com.mx\\\/destape-de-lineas-de-produccion\\\/#primaryimage\"},\"thumbnailUrl\":\"https:\\\/\\\/gulfsupply.com.mx\\\/wp-content\\\/uploads\\\/2025\\\/05\\\/destape01.jpg\",\"datePublished\":\"2025-04-12T23:34:12+00:00\",\"dateModified\":\"2025-05-27T17:25:05+00:00\",\"breadcrumb\":{\"@id\":\"https:\\\/\\\/gulfsupply.com.mx\\\/destape-de-lineas-de-produccion\\\/#breadcrumb\"},\"inLanguage\":\"en-US\",\"potentialAction\":[{\"@type\":\"ReadAction\",\"target\":[\"https:\\\/\\\/gulfsupply.com.mx\\\/destape-de-lineas-de-produccion\\\/\"]}]},{\"@type\":\"ImageObject\",\"inLanguage\":\"en-US\",\"@id\":\"https:\\\/\\\/gulfsupply.com.mx\\\/destape-de-lineas-de-produccion\\\/#primaryimage\",\"url\":\"https:\\\/\\\/gulfsupply.com.mx\\\/wp-content\\\/uploads\\\/2025\\\/05\\\/destape01.jpg\",\"contentUrl\":\"https:\\\/\\\/gulfsupply.com.mx\\\/wp-content\\\/uploads\\\/2025\\\/05\\\/destape01.jpg\"},{\"@type\":\"BreadcrumbList\",\"@id\":\"https:\\\/\\\/gulfsupply.com.mx\\\/destape-de-lineas-de-produccion\\\/#breadcrumb\",\"itemListElement\":[{\"@type\":\"ListItem\",\"position\":1,\"name\":\"Home\",\"item\":\"https:\\\/\\\/gulfsupply.com.mx\\\/\"},{\"@type\":\"ListItem\",\"position\":2,\"name\":\"Destape de L\u00edneas de Producci\u00f3n\"}]},{\"@type\":\"WebSite\",\"@id\":\"https:\\\/\\\/gulfsupply.com.mx\\\/#website\",\"url\":\"https:\\\/\\\/gulfsupply.com.mx\\\/\",\"name\":\"Gulf Supply\",\"description\":\"Inicio\",\"publisher\":{\"@id\":\"https:\\\/\\\/gulfsupply.com.mx\\\/#organization\"},\"potentialAction\":[{\"@type\":\"SearchAction\",\"target\":{\"@type\":\"EntryPoint\",\"urlTemplate\":\"https:\\\/\\\/gulfsupply.com.mx\\\/?s={search_term_string}\"},\"query-input\":{\"@type\":\"PropertyValueSpecification\",\"valueRequired\":true,\"valueName\":\"search_term_string\"}}],\"inLanguage\":\"en-US\"},{\"@type\":\"Organization\",\"@id\":\"https:\\\/\\\/gulfsupply.com.mx\\\/#organization\",\"name\":\"Gulf Supply\",\"url\":\"https:\\\/\\\/gulfsupply.com.mx\\\/\",\"logo\":{\"@type\":\"ImageObject\",\"inLanguage\":\"en-US\",\"@id\":\"https:\\\/\\\/gulfsupply.com.mx\\\/#\\\/schema\\\/logo\\\/image\\\/\",\"url\":\"https:\\\/\\\/i0.wp.com\\\/gulfsupply.com.mx\\\/wp-content\\\/uploads\\\/2025\\\/04\\\/cropped-438700815_992376719558600_8402714337920914076_n.jpg?fit=817%2C730&ssl=1\",\"contentUrl\":\"https:\\\/\\\/i0.wp.com\\\/gulfsupply.com.mx\\\/wp-content\\\/uploads\\\/2025\\\/04\\\/cropped-438700815_992376719558600_8402714337920914076_n.jpg?fit=817%2C730&ssl=1\",\"width\":817,\"height\":730,\"caption\":\"Gulf Supply\"},\"image\":{\"@id\":\"https:\\\/\\\/gulfsupply.com.mx\\\/#\\\/schema\\\/logo\\\/image\\\/\"}}]}<\/script>\n<!-- \/ Yoast SEO plugin. -->","yoast_head_json":{"title":"Destape de L\u00edneas de Producci\u00f3n - Gulf Supply","robots":{"index":"index","follow":"follow","max-snippet":"max-snippet:-1","max-image-preview":"max-image-preview:large","max-video-preview":"max-video-preview:-1"},"canonical":"https:\/\/gulfsupply.com.mx\/en\/destape-de-lineas-de-produccion\/","og_locale":"en_US","og_type":"article","og_title":"Destape de L\u00edneas de Producci\u00f3n - Gulf Supply","og_description":"Gulf Supply tiene 15 a\u00f1os continuos realizando limpieza qu\u00edmica (destapes) de l\u00edneas y equipos que operan con residuo de vac\u00edo, asfalto y combust\u00f3leo pesado\u00a0por medio de inyecci\u00f3n de un producto qu\u00edmico emulsificante con muchas ventajas operativas como trabajos a bajas temperaturas o temperatura ambiente, inyecci\u00f3n a presi\u00f3n controlada, no se desmontan equipos, no realizamos cortes [&hellip;]","og_url":"https:\/\/gulfsupply.com.mx\/en\/destape-de-lineas-de-produccion\/","og_site_name":"Gulf Supply","article_modified_time":"2025-05-27T17:25:05+00:00","og_image":[{"url":"https:\/\/gulfsupply.com.mx\/wp-content\/uploads\/2025\/05\/destape01.jpg","type":"","width":"","height":""}],"twitter_card":"summary_large_image","twitter_misc":{"Est. reading time":"2 minutes"},"schema":{"@context":"https:\/\/schema.org","@graph":[{"@type":"WebPage","@id":"https:\/\/gulfsupply.com.mx\/destape-de-lineas-de-produccion\/","url":"https:\/\/gulfsupply.com.mx\/destape-de-lineas-de-produccion\/","name":"Destape de L\u00edneas de Producci\u00f3n - Gulf Supply","isPartOf":{"@id":"https:\/\/gulfsupply.com.mx\/#website"},"primaryImageOfPage":{"@id":"https:\/\/gulfsupply.com.mx\/destape-de-lineas-de-produccion\/#primaryimage"},"image":{"@id":"https:\/\/gulfsupply.com.mx\/destape-de-lineas-de-produccion\/#primaryimage"},"thumbnailUrl":"https:\/\/gulfsupply.com.mx\/wp-content\/uploads\/2025\/05\/destape01.jpg","datePublished":"2025-04-12T23:34:12+00:00","dateModified":"2025-05-27T17:25:05+00:00","breadcrumb":{"@id":"https:\/\/gulfsupply.com.mx\/destape-de-lineas-de-produccion\/#breadcrumb"},"inLanguage":"en-US","potentialAction":[{"@type":"ReadAction","target":["https:\/\/gulfsupply.com.mx\/destape-de-lineas-de-produccion\/"]}]},{"@type":"ImageObject","inLanguage":"en-US","@id":"https:\/\/gulfsupply.com.mx\/destape-de-lineas-de-produccion\/#primaryimage","url":"https:\/\/gulfsupply.com.mx\/wp-content\/uploads\/2025\/05\/destape01.jpg","contentUrl":"https:\/\/gulfsupply.com.mx\/wp-content\/uploads\/2025\/05\/destape01.jpg"},{"@type":"BreadcrumbList","@id":"https:\/\/gulfsupply.com.mx\/destape-de-lineas-de-produccion\/#breadcrumb","itemListElement":[{"@type":"ListItem","position":1,"name":"Home","item":"https:\/\/gulfsupply.com.mx\/"},{"@type":"ListItem","position":2,"name":"Destape de L\u00edneas de Producci\u00f3n"}]},{"@type":"WebSite","@id":"https:\/\/gulfsupply.com.mx\/#website","url":"https:\/\/gulfsupply.com.mx\/","name":"Gulf Supply","description":"Home","publisher":{"@id":"https:\/\/gulfsupply.com.mx\/#organization"},"potentialAction":[{"@type":"SearchAction","target":{"@type":"EntryPoint","urlTemplate":"https:\/\/gulfsupply.com.mx\/?s={search_term_string}"},"query-input":{"@type":"PropertyValueSpecification","valueRequired":true,"valueName":"search_term_string"}}],"inLanguage":"en-US"},{"@type":"Organization","@id":"https:\/\/gulfsupply.com.mx\/#organization","name":"Gulf Supply","url":"https:\/\/gulfsupply.com.mx\/","logo":{"@type":"ImageObject","inLanguage":"en-US","@id":"https:\/\/gulfsupply.com.mx\/#\/schema\/logo\/image\/","url":"https:\/\/i0.wp.com\/gulfsupply.com.mx\/wp-content\/uploads\/2025\/04\/cropped-438700815_992376719558600_8402714337920914076_n.jpg?fit=817%2C730&ssl=1","contentUrl":"https:\/\/i0.wp.com\/gulfsupply.com.mx\/wp-content\/uploads\/2025\/04\/cropped-438700815_992376719558600_8402714337920914076_n.jpg?fit=817%2C730&ssl=1","width":817,"height":730,"caption":"Gulf Supply"},"image":{"@id":"https:\/\/gulfsupply.com.mx\/#\/schema\/logo\/image\/"}}]}},"jetpack_sharing_enabled":true,"_links":{"self":[{"href":"https:\/\/gulfsupply.com.mx\/en\/wp-json\/wp\/v2\/pages\/272","targetHints":{"allow":["GET"]}}],"collection":[{"href":"https:\/\/gulfsupply.com.mx\/en\/wp-json\/wp\/v2\/pages"}],"about":[{"href":"https:\/\/gulfsupply.com.mx\/en\/wp-json\/wp\/v2\/types\/page"}],"author":[{"embeddable":true,"href":"https:\/\/gulfsupply.com.mx\/en\/wp-json\/wp\/v2\/users\/1"}],"replies":[{"embeddable":true,"href":"https:\/\/gulfsupply.com.mx\/en\/wp-json\/wp\/v2\/comments?post=272"}],"version-history":[{"count":5,"href":"https:\/\/gulfsupply.com.mx\/en\/wp-json\/wp\/v2\/pages\/272\/revisions"}],"predecessor-version":[{"id":1019,"href":"https:\/\/gulfsupply.com.mx\/en\/wp-json\/wp\/v2\/pages\/272\/revisions\/1019"}],"wp:attachment":[{"href":"https:\/\/gulfsupply.com.mx\/en\/wp-json\/wp\/v2\/media?parent=272"}],"curies":[{"name":"wp","href":"https:\/\/api.w.org\/{rel}","templated":true}]}}