{"id":266,"date":"2025-04-12T23:32:47","date_gmt":"2025-04-12T23:32:47","guid":{"rendered":"https:\/\/gulfsupply.com.mx\/?page_id=266"},"modified":"2025-10-14T16:53:02","modified_gmt":"2025-10-14T22:53:02","slug":"suministro-formulacion-y-mezclado-de-productos","status":"publish","type":"page","link":"https:\/\/gulfsupply.com.mx\/en\/suministro-formulacion-y-mezclado-de-productos\/","title":{"rendered":"Supply, Formulation and Mixing of Products"},"content":{"rendered":"<div class=\"wp-block-columns is-layout-flex wp-container-core-columns-is-layout-9d6595d7 wp-block-columns-is-layout-flex\">\n<div class=\"wp-block-column is-layout-flow wp-block-column-is-layout-flow\">\n<h6 class=\"wp-block-heading\">During the supply and application of our chemical products, we carry out formulations and technical evaluations with expert personnel to ensure the effectiveness of the treatment.<\/h6>\n\n\n\n<p class=\"\">We have the infrastructure for preparing and mixing the final product, prioritizing the safety of our staff and our facilities during manufacturing. We also adhere to the corresponding quality standards and controls.<\/p>\n\n\n\n<p class=\"\">Nuestro laboratorio se encuentra acreditado ante la <a href=\"https:\/\/www.ema.org.mx\/portal_v3\/\">EMA<\/a> (Entidad Mexicana de Acreditaci\u00f3n A.C.) to perform compatibility, analytical, and formulation testing for our products.<\/p>\n<\/div>\n\n\n\n<div class=\"wp-block-column is-layout-flow wp-block-column-is-layout-flow\">\n<p class=\"\">Main products we can supply:<\/p>\n\n\n\n<ul class=\"wp-block-list\">\n<li class=\"\">Water-based flow improvers<\/li>\n\n\n\n<li class=\"\">Oil-based flow improvers<\/li>\n\n\n\n<li class=\"\">Demulsifiers<\/li>\n\n\n\n<li class=\"\">Dispersants\/inhibitors paraffin and asphaltene<\/li>\n\n\n\n<li class=\"\">Scale inhibitors<\/li>\n\n\n\n<li class=\"\">Corrosion inhibitors<\/li>\n\n\n\n<li class=\"\">Defoamers<\/li>\n\n\n\n<li class=\"\">Foam bars<\/li>\n\n\n\n<li class=\"\">Liquid foamers<\/li>\n\n\n\n<li class=\"\">H2S scavengers<\/li>\n<\/ul>\n<\/div>\n<\/div>\n\n\n<div class=\"wp-block-image\">\n<figure class=\"aligncenter size-large\"><img data-recalc-dims=\"1\" decoding=\"async\" width=\"678\" height=\"432\" loading=\"lazy\" src=\"https:\/\/i0.wp.com\/gulfsupply.com.mx\/wp-content\/uploads\/2025\/05\/mezclado-de-quimicos-1360.jpg?resize=678%2C432&#038;ssl=1\" alt=\"\" class=\"wp-image-787\" srcset=\"https:\/\/i0.wp.com\/gulfsupply.com.mx\/wp-content\/uploads\/2025\/05\/mezclado-de-quimicos-1360-scaled.jpg?resize=1024%2C653&amp;ssl=1 1024w, https:\/\/i0.wp.com\/gulfsupply.com.mx\/wp-content\/uploads\/2025\/05\/mezclado-de-quimicos-1360-scaled.jpg?resize=300%2C191&amp;ssl=1 300w, https:\/\/i0.wp.com\/gulfsupply.com.mx\/wp-content\/uploads\/2025\/05\/mezclado-de-quimicos-1360-scaled.jpg?resize=768%2C490&amp;ssl=1 768w, https:\/\/i0.wp.com\/gulfsupply.com.mx\/wp-content\/uploads\/2025\/05\/mezclado-de-quimicos-1360-scaled.jpg?resize=1536%2C979&amp;ssl=1 1536w, https:\/\/i0.wp.com\/gulfsupply.com.mx\/wp-content\/uploads\/2025\/05\/mezclado-de-quimicos-1360-scaled.jpg?resize=2048%2C1306&amp;ssl=1 2048w, https:\/\/i0.wp.com\/gulfsupply.com.mx\/wp-content\/uploads\/2025\/05\/mezclado-de-quimicos-1360-scaled.jpg?w=1356&amp;ssl=1 1356w\" sizes=\"auto, (max-width: 678px) 100vw, 678px\" \/><\/figure>\n<\/div>","protected":false},"excerpt":{"rendered":"<p>Durante el suministro y aplicaci\u00f3n de nuestros productos qu\u00edmicos, realizamos las formulaciones y evaluaciones t\u00e9cnicas con personal experto para asegurar la efectividad del tratamiento. Contamos con la infraestructura para la preparaci\u00f3n y MEZCLADO del producto final poniendo como prioridad la seguridad de nuestro personal y la de nuestras instalaciones durante la fabricaci\u00f3n; as\u00ed mismo, se [&hellip;]<\/p>\n","protected":false},"author":1,"featured_media":0,"parent":0,"menu_order":0,"comment_status":"closed","ping_status":"closed","template":"","meta":{"nf_dc_page":"","om_disable_all_campaigns":false,"footnotes":""},"class_list":["post-266","page","type-page","status-publish","hentry"],"yoast_head":"<!-- This site is optimized with the Yoast SEO plugin v27.4 - https:\/\/yoast.com\/product\/yoast-seo-wordpress\/ -->\n<title>Suministro, Formulaci\u00f3n y Mezclado de Productos - Gulf Supply<\/title>\n<meta name=\"robots\" content=\"index, follow, max-snippet:-1, max-image-preview:large, max-video-preview:-1\" \/>\n<link rel=\"canonical\" href=\"https:\/\/gulfsupply.com.mx\/en\/suministro-formulacion-y-mezclado-de-productos\/\" \/>\n<meta property=\"og:locale\" content=\"en_US\" \/>\n<meta property=\"og:type\" content=\"article\" \/>\n<meta property=\"og:title\" content=\"Suministro, Formulaci\u00f3n y Mezclado de Productos - Gulf Supply\" \/>\n<meta property=\"og:description\" content=\"Durante el suministro y aplicaci\u00f3n de nuestros productos qu\u00edmicos, realizamos las formulaciones y evaluaciones t\u00e9cnicas con personal experto para asegurar la efectividad del tratamiento. Contamos con la infraestructura para la preparaci\u00f3n y MEZCLADO del producto final poniendo como prioridad la seguridad de nuestro personal y la de nuestras instalaciones durante la fabricaci\u00f3n; as\u00ed mismo, se [&hellip;]\" \/>\n<meta property=\"og:url\" content=\"https:\/\/gulfsupply.com.mx\/en\/suministro-formulacion-y-mezclado-de-productos\/\" \/>\n<meta property=\"og:site_name\" content=\"Gulf Supply\" \/>\n<meta property=\"article:modified_time\" content=\"2025-10-14T22:53:02+00:00\" \/>\n<meta property=\"og:image\" content=\"https:\/\/gulfsupply.com.mx\/wp-content\/uploads\/2025\/05\/mezclado-de-quimicos-1360-1024x653.jpg\" \/>\n<meta name=\"twitter:card\" content=\"summary_large_image\" \/>\n<meta name=\"twitter:label1\" content=\"Est. reading time\" \/>\n\t<meta name=\"twitter:data1\" content=\"1 minute\" \/>\n<script type=\"application\/ld+json\" class=\"yoast-schema-graph\">{\"@context\":\"https:\\\/\\\/schema.org\",\"@graph\":[{\"@type\":\"WebPage\",\"@id\":\"https:\\\/\\\/gulfsupply.com.mx\\\/suministro-formulacion-y-mezclado-de-productos\\\/\",\"url\":\"https:\\\/\\\/gulfsupply.com.mx\\\/suministro-formulacion-y-mezclado-de-productos\\\/\",\"name\":\"Suministro, Formulaci\u00f3n y Mezclado de Productos - Gulf Supply\",\"isPartOf\":{\"@id\":\"https:\\\/\\\/gulfsupply.com.mx\\\/#website\"},\"primaryImageOfPage\":{\"@id\":\"https:\\\/\\\/gulfsupply.com.mx\\\/suministro-formulacion-y-mezclado-de-productos\\\/#primaryimage\"},\"image\":{\"@id\":\"https:\\\/\\\/gulfsupply.com.mx\\\/suministro-formulacion-y-mezclado-de-productos\\\/#primaryimage\"},\"thumbnailUrl\":\"https:\\\/\\\/gulfsupply.com.mx\\\/wp-content\\\/uploads\\\/2025\\\/05\\\/mezclado-de-quimicos-1360-1024x653.jpg\",\"datePublished\":\"2025-04-12T23:32:47+00:00\",\"dateModified\":\"2025-10-14T22:53:02+00:00\",\"breadcrumb\":{\"@id\":\"https:\\\/\\\/gulfsupply.com.mx\\\/suministro-formulacion-y-mezclado-de-productos\\\/#breadcrumb\"},\"inLanguage\":\"en-US\",\"potentialAction\":[{\"@type\":\"ReadAction\",\"target\":[\"https:\\\/\\\/gulfsupply.com.mx\\\/suministro-formulacion-y-mezclado-de-productos\\\/\"]}]},{\"@type\":\"ImageObject\",\"inLanguage\":\"en-US\",\"@id\":\"https:\\\/\\\/gulfsupply.com.mx\\\/suministro-formulacion-y-mezclado-de-productos\\\/#primaryimage\",\"url\":\"https:\\\/\\\/gulfsupply.com.mx\\\/wp-content\\\/uploads\\\/2025\\\/05\\\/mezclado-de-quimicos-1360-1024x653.jpg\",\"contentUrl\":\"https:\\\/\\\/gulfsupply.com.mx\\\/wp-content\\\/uploads\\\/2025\\\/05\\\/mezclado-de-quimicos-1360-1024x653.jpg\"},{\"@type\":\"BreadcrumbList\",\"@id\":\"https:\\\/\\\/gulfsupply.com.mx\\\/suministro-formulacion-y-mezclado-de-productos\\\/#breadcrumb\",\"itemListElement\":[{\"@type\":\"ListItem\",\"position\":1,\"name\":\"Home\",\"item\":\"https:\\\/\\\/gulfsupply.com.mx\\\/\"},{\"@type\":\"ListItem\",\"position\":2,\"name\":\"Suministro, Formulaci\u00f3n y Mezclado de Productos\"}]},{\"@type\":\"WebSite\",\"@id\":\"https:\\\/\\\/gulfsupply.com.mx\\\/#website\",\"url\":\"https:\\\/\\\/gulfsupply.com.mx\\\/\",\"name\":\"Gulf Supply\",\"description\":\"Inicio\",\"publisher\":{\"@id\":\"https:\\\/\\\/gulfsupply.com.mx\\\/#organization\"},\"potentialAction\":[{\"@type\":\"SearchAction\",\"target\":{\"@type\":\"EntryPoint\",\"urlTemplate\":\"https:\\\/\\\/gulfsupply.com.mx\\\/?s={search_term_string}\"},\"query-input\":{\"@type\":\"PropertyValueSpecification\",\"valueRequired\":true,\"valueName\":\"search_term_string\"}}],\"inLanguage\":\"en-US\"},{\"@type\":\"Organization\",\"@id\":\"https:\\\/\\\/gulfsupply.com.mx\\\/#organization\",\"name\":\"Gulf Supply\",\"url\":\"https:\\\/\\\/gulfsupply.com.mx\\\/\",\"logo\":{\"@type\":\"ImageObject\",\"inLanguage\":\"en-US\",\"@id\":\"https:\\\/\\\/gulfsupply.com.mx\\\/#\\\/schema\\\/logo\\\/image\\\/\",\"url\":\"https:\\\/\\\/i0.wp.com\\\/gulfsupply.com.mx\\\/wp-content\\\/uploads\\\/2025\\\/04\\\/cropped-438700815_992376719558600_8402714337920914076_n.jpg?fit=817%2C730&ssl=1\",\"contentUrl\":\"https:\\\/\\\/i0.wp.com\\\/gulfsupply.com.mx\\\/wp-content\\\/uploads\\\/2025\\\/04\\\/cropped-438700815_992376719558600_8402714337920914076_n.jpg?fit=817%2C730&ssl=1\",\"width\":817,\"height\":730,\"caption\":\"Gulf Supply\"},\"image\":{\"@id\":\"https:\\\/\\\/gulfsupply.com.mx\\\/#\\\/schema\\\/logo\\\/image\\\/\"}}]}<\/script>\n<!-- \/ Yoast SEO plugin. -->","yoast_head_json":{"title":"Suministro, Formulaci\u00f3n y Mezclado de Productos - Gulf Supply","robots":{"index":"index","follow":"follow","max-snippet":"max-snippet:-1","max-image-preview":"max-image-preview:large","max-video-preview":"max-video-preview:-1"},"canonical":"https:\/\/gulfsupply.com.mx\/en\/suministro-formulacion-y-mezclado-de-productos\/","og_locale":"en_US","og_type":"article","og_title":"Suministro, Formulaci\u00f3n y Mezclado de Productos - Gulf Supply","og_description":"Durante el suministro y aplicaci\u00f3n de nuestros productos qu\u00edmicos, realizamos las formulaciones y evaluaciones t\u00e9cnicas con personal experto para asegurar la efectividad del tratamiento. Contamos con la infraestructura para la preparaci\u00f3n y MEZCLADO del producto final poniendo como prioridad la seguridad de nuestro personal y la de nuestras instalaciones durante la fabricaci\u00f3n; as\u00ed mismo, se [&hellip;]","og_url":"https:\/\/gulfsupply.com.mx\/en\/suministro-formulacion-y-mezclado-de-productos\/","og_site_name":"Gulf Supply","article_modified_time":"2025-10-14T22:53:02+00:00","og_image":[{"url":"https:\/\/gulfsupply.com.mx\/wp-content\/uploads\/2025\/05\/mezclado-de-quimicos-1360-1024x653.jpg","type":"","width":"","height":""}],"twitter_card":"summary_large_image","twitter_misc":{"Est. reading time":"1 minute"},"schema":{"@context":"https:\/\/schema.org","@graph":[{"@type":"WebPage","@id":"https:\/\/gulfsupply.com.mx\/suministro-formulacion-y-mezclado-de-productos\/","url":"https:\/\/gulfsupply.com.mx\/suministro-formulacion-y-mezclado-de-productos\/","name":"Suministro, Formulaci\u00f3n y Mezclado de Productos - Gulf Supply","isPartOf":{"@id":"https:\/\/gulfsupply.com.mx\/#website"},"primaryImageOfPage":{"@id":"https:\/\/gulfsupply.com.mx\/suministro-formulacion-y-mezclado-de-productos\/#primaryimage"},"image":{"@id":"https:\/\/gulfsupply.com.mx\/suministro-formulacion-y-mezclado-de-productos\/#primaryimage"},"thumbnailUrl":"https:\/\/gulfsupply.com.mx\/wp-content\/uploads\/2025\/05\/mezclado-de-quimicos-1360-1024x653.jpg","datePublished":"2025-04-12T23:32:47+00:00","dateModified":"2025-10-14T22:53:02+00:00","breadcrumb":{"@id":"https:\/\/gulfsupply.com.mx\/suministro-formulacion-y-mezclado-de-productos\/#breadcrumb"},"inLanguage":"en-US","potentialAction":[{"@type":"ReadAction","target":["https:\/\/gulfsupply.com.mx\/suministro-formulacion-y-mezclado-de-productos\/"]}]},{"@type":"ImageObject","inLanguage":"en-US","@id":"https:\/\/gulfsupply.com.mx\/suministro-formulacion-y-mezclado-de-productos\/#primaryimage","url":"https:\/\/gulfsupply.com.mx\/wp-content\/uploads\/2025\/05\/mezclado-de-quimicos-1360-1024x653.jpg","contentUrl":"https:\/\/gulfsupply.com.mx\/wp-content\/uploads\/2025\/05\/mezclado-de-quimicos-1360-1024x653.jpg"},{"@type":"BreadcrumbList","@id":"https:\/\/gulfsupply.com.mx\/suministro-formulacion-y-mezclado-de-productos\/#breadcrumb","itemListElement":[{"@type":"ListItem","position":1,"name":"Home","item":"https:\/\/gulfsupply.com.mx\/"},{"@type":"ListItem","position":2,"name":"Suministro, Formulaci\u00f3n y Mezclado de Productos"}]},{"@type":"WebSite","@id":"https:\/\/gulfsupply.com.mx\/#website","url":"https:\/\/gulfsupply.com.mx\/","name":"Gulf Supply","description":"Home","publisher":{"@id":"https:\/\/gulfsupply.com.mx\/#organization"},"potentialAction":[{"@type":"SearchAction","target":{"@type":"EntryPoint","urlTemplate":"https:\/\/gulfsupply.com.mx\/?s={search_term_string}"},"query-input":{"@type":"PropertyValueSpecification","valueRequired":true,"valueName":"search_term_string"}}],"inLanguage":"en-US"},{"@type":"Organization","@id":"https:\/\/gulfsupply.com.mx\/#organization","name":"Gulf Supply","url":"https:\/\/gulfsupply.com.mx\/","logo":{"@type":"ImageObject","inLanguage":"en-US","@id":"https:\/\/gulfsupply.com.mx\/#\/schema\/logo\/image\/","url":"https:\/\/i0.wp.com\/gulfsupply.com.mx\/wp-content\/uploads\/2025\/04\/cropped-438700815_992376719558600_8402714337920914076_n.jpg?fit=817%2C730&ssl=1","contentUrl":"https:\/\/i0.wp.com\/gulfsupply.com.mx\/wp-content\/uploads\/2025\/04\/cropped-438700815_992376719558600_8402714337920914076_n.jpg?fit=817%2C730&ssl=1","width":817,"height":730,"caption":"Gulf Supply"},"image":{"@id":"https:\/\/gulfsupply.com.mx\/#\/schema\/logo\/image\/"}}]}},"jetpack_sharing_enabled":true,"_links":{"self":[{"href":"https:\/\/gulfsupply.com.mx\/en\/wp-json\/wp\/v2\/pages\/266","targetHints":{"allow":["GET"]}}],"collection":[{"href":"https:\/\/gulfsupply.com.mx\/en\/wp-json\/wp\/v2\/pages"}],"about":[{"href":"https:\/\/gulfsupply.com.mx\/en\/wp-json\/wp\/v2\/types\/page"}],"author":[{"embeddable":true,"href":"https:\/\/gulfsupply.com.mx\/en\/wp-json\/wp\/v2\/users\/1"}],"replies":[{"embeddable":true,"href":"https:\/\/gulfsupply.com.mx\/en\/wp-json\/wp\/v2\/comments?post=266"}],"version-history":[{"count":5,"href":"https:\/\/gulfsupply.com.mx\/en\/wp-json\/wp\/v2\/pages\/266\/revisions"}],"predecessor-version":[{"id":1218,"href":"https:\/\/gulfsupply.com.mx\/en\/wp-json\/wp\/v2\/pages\/266\/revisions\/1218"}],"wp:attachment":[{"href":"https:\/\/gulfsupply.com.mx\/en\/wp-json\/wp\/v2\/media?parent=266"}],"curies":[{"name":"wp","href":"https:\/\/api.w.org\/{rel}","templated":true}]}}