{"id":244,"date":"2025-04-11T22:50:31","date_gmt":"2025-04-11T22:50:31","guid":{"rendered":"https:\/\/gulfsupply.com.mx\/?page_id=244"},"modified":"2025-06-13T22:07:31","modified_gmt":"2025-06-14T04:07:31","slug":"mantenimiento-y-servicios-generales-a-edificios","status":"publish","type":"page","link":"https:\/\/gulfsupply.com.mx\/en\/mantenimiento-y-servicios-generales-a-edificios\/","title":{"rendered":"Oil Fields Maintenance"},"content":{"rendered":"<h6 class=\"wp-block-heading\">Proven experience performing preventive and corrective maintenance and troubleshooting equipment in onshore and offshore oil facilities.<\/h6>\n\n\n\n<div class=\"wp-block-columns is-layout-flex wp-container-core-columns-is-layout-9d6595d7 wp-block-columns-is-layout-flex\">\n<div class=\"wp-block-column is-layout-flow wp-block-column-is-layout-flow\">\n<p class=\"\">We are known for tailoring our services to our clients' specific needs and current operating conditions, while maintaining an efficient price-value ratio for our clients.<\/p>\n<\/div>\n\n\n\n<div class=\"wp-block-column is-layout-flow wp-block-column-is-layout-flow\">\n<p class=\"has-text-align-left\">Our staff has the appropriate skills in mechanics, electricity, instrumentation, fiscal measurement and control, mechanical integrity, and general tasks.<\/p>\n<\/div>\n<\/div>\n\n\n\n<p class=\"\">Scope of Our services in Onshore and Offshore insallations:<\/p>\n\n\n\n<ul class=\"wp-block-list\">\n<li class=\"\"><strong>Mechanical maintenance: <\/strong>: Tasks focused on dynamic and static equipment, including analysis of their implementation and the provision of the personnel, instruments, tools, and consumables necessary to perform them.<\/li>\n\n\n\n<li class=\"\"><strong>Electrical maintenance: <\/strong>Tasks focused on electrical equipment and systems to prevent failures and breakdowns, ensuring they operate reliably for the most part, prolonging their useful life and reducing energy consumption and operating costs.<\/li>\n\n\n\n<li class=\"\"><strong>Maintenance of instruments: <\/strong>Tasks focused on ensuring that instruments operate efficiently, accurately, and safely, prolonging their useful life and avoiding unexpected failures.&nbsp;&nbsp;<\/li>\n\n\n\n<li class=\"\"><strong>Maintenance mixed: <\/strong>El servicio comprende las tareas de soldadura SMAW y&nbsp;GTAW, pailer\u00eda y armado, incluyendo adem\u00e1s tareas de izaje y movimiento de cargas, montaje, reparaci\u00f3n, construcci\u00f3n y adecuaciones menores de equipos e instalaciones, conforme lo establezcan los planes y procedimientos.<\/li>\n\n\n\n<li class=\"\"><strong>General maintenance tasks: <\/strong>The service includes cleaning, spill cleanup, weeding, and painting of facilities, as established by the client's plans and procedures.<\/li>\n\n\n\n<li class=\"\"><strong>Maintenance of equipment and instruments for the management system of measurement:&nbsp; <\/strong>Tasks focused on the maintenance, configuration and fault diagnosis of process analyzers and analytical instrumentation such as conductivity meters, hydrocarbons in water, densitometers, dew point measurement, pH meters, gas chromatographs, Hydrogen Sulfide (H2S) \/ Total Sulfide (TS) analyzers, H<sub>2<\/sub>O humidity analyzers , oxygen analyzers (O<sub>2<\/sub>), Coriolis, magnetic and ultrasonic crude oil and gas measurement systems, flow and pressure indicating transmitters, automatic samplers, weight indicating transmitters, flow computers, radar type level indicating transmitters.<\/li>\n\n\n\n<li class=\"\"><strong>Service operation of OffShore crane: <\/strong>This involves <strong>&nbsp;<\/strong>the operation of cranes up to 500 metric tons on platforms by certified operators, including the provision of the lifting equipment necessary for the operations.<\/li>\n<\/ul>\n\n\n\n<div class=\"nfd-container nfd-p-md nfd-wb-gallery__gallery-2 wp-block-group\"><div class=\"wp-block-group__inner-container is-layout-constrained wp-block-group-is-layout-constrained\">\n<figure class=\"wp-block-gallery has-nested-images columns-4 is-cropped wp-block-gallery-1 is-layout-flex wp-block-gallery-is-layout-flex\">\n<figure class=\"nfd-mt-8 md:nfd-my-0 wp-block-image size-large\"><img data-recalc-dims=\"1\" decoding=\"async\" width=\"678\" height=\"904\" loading=\"lazy\" data-id=\"977\" src=\"https:\/\/i0.wp.com\/gulfsupply.com.mx\/wp-content\/uploads\/2025\/05\/Imagen-de-WhatsApp-2025-05-16-a-las-20.56.28_085ac63e.jpg?resize=678%2C904&#038;ssl=1\" alt=\"\" class=\"wp-image-977\" style=\"aspect-ratio:3\/4;object-fit:cover\" srcset=\"https:\/\/i0.wp.com\/gulfsupply.com.mx\/wp-content\/uploads\/2025\/05\/Imagen-de-WhatsApp-2025-05-16-a-las-20.56.28_085ac63e.jpg?resize=768%2C1024&amp;ssl=1 768w, https:\/\/i0.wp.com\/gulfsupply.com.mx\/wp-content\/uploads\/2025\/05\/Imagen-de-WhatsApp-2025-05-16-a-las-20.56.28_085ac63e.jpg?resize=225%2C300&amp;ssl=1 225w, https:\/\/i0.wp.com\/gulfsupply.com.mx\/wp-content\/uploads\/2025\/05\/Imagen-de-WhatsApp-2025-05-16-a-las-20.56.28_085ac63e.jpg?resize=1152%2C1536&amp;ssl=1 1152w, https:\/\/i0.wp.com\/gulfsupply.com.mx\/wp-content\/uploads\/2025\/05\/Imagen-de-WhatsApp-2025-05-16-a-las-20.56.28_085ac63e.jpg?w=1200&amp;ssl=1 1200w\" sizes=\"auto, (max-width: 678px) 100vw, 678px\" \/><\/figure>\n\n\n\n<figure class=\"nfd-mb-8 md:nfd-my-0 wp-block-image size-full\"><img data-recalc-dims=\"1\" decoding=\"async\" width=\"678\" height=\"691\" loading=\"lazy\" data-id=\"1013\" src=\"https:\/\/i0.wp.com\/gulfsupply.com.mx\/wp-content\/uploads\/2025\/05\/Imagen-de-WhatsApp-2025-05-20-a-las-15.46.05_53f31f70_02.jpg?resize=678%2C691&#038;ssl=1\" alt=\"\" class=\"wp-image-1013\" style=\"aspect-ratio:3\/4;object-fit:cover\" srcset=\"https:\/\/i0.wp.com\/gulfsupply.com.mx\/wp-content\/uploads\/2025\/05\/Imagen-de-WhatsApp-2025-05-20-a-las-15.46.05_53f31f70_02.jpg?w=942&amp;ssl=1 942w, https:\/\/i0.wp.com\/gulfsupply.com.mx\/wp-content\/uploads\/2025\/05\/Imagen-de-WhatsApp-2025-05-20-a-las-15.46.05_53f31f70_02.jpg?resize=294%2C300&amp;ssl=1 294w, https:\/\/i0.wp.com\/gulfsupply.com.mx\/wp-content\/uploads\/2025\/05\/Imagen-de-WhatsApp-2025-05-20-a-las-15.46.05_53f31f70_02.jpg?resize=768%2C783&amp;ssl=1 768w\" sizes=\"auto, (max-width: 678px) 100vw, 678px\" \/><\/figure>\n\n\n\n<figure class=\"nfd-mt-8 md:nfd-my-0 wp-block-image size-large\"><img data-recalc-dims=\"1\" decoding=\"async\" width=\"678\" height=\"904\" loading=\"lazy\" data-id=\"982\" src=\"https:\/\/i0.wp.com\/gulfsupply.com.mx\/wp-content\/uploads\/2025\/05\/Imagen-de-WhatsApp-2025-05-16-a-las-20.55.35_85e96025.jpg?resize=678%2C904&#038;ssl=1\" alt=\"\" class=\"wp-image-982\" style=\"aspect-ratio:3\/4;object-fit:cover\" srcset=\"https:\/\/i0.wp.com\/gulfsupply.com.mx\/wp-content\/uploads\/2025\/05\/Imagen-de-WhatsApp-2025-05-16-a-las-20.55.35_85e96025.jpg?resize=768%2C1024&amp;ssl=1 768w, https:\/\/i0.wp.com\/gulfsupply.com.mx\/wp-content\/uploads\/2025\/05\/Imagen-de-WhatsApp-2025-05-16-a-las-20.55.35_85e96025.jpg?resize=225%2C300&amp;ssl=1 225w, https:\/\/i0.wp.com\/gulfsupply.com.mx\/wp-content\/uploads\/2025\/05\/Imagen-de-WhatsApp-2025-05-16-a-las-20.55.35_85e96025.jpg?w=960&amp;ssl=1 960w\" sizes=\"auto, (max-width: 678px) 100vw, 678px\" \/><\/figure>\n\n\n\n<figure class=\"nfd-mb-8 md:nfd-my-0 wp-block-image size-large\"><img data-recalc-dims=\"1\" decoding=\"async\" width=\"678\" height=\"509\" loading=\"lazy\" data-id=\"984\" src=\"https:\/\/i0.wp.com\/gulfsupply.com.mx\/wp-content\/uploads\/2025\/05\/Imagen-de-WhatsApp-2025-05-16-a-las-20.56.30_574aa2cb.jpg?resize=678%2C509&#038;ssl=1\" alt=\"\" class=\"wp-image-984\" style=\"aspect-ratio:3\/4;object-fit:cover\" srcset=\"https:\/\/i0.wp.com\/gulfsupply.com.mx\/wp-content\/uploads\/2025\/05\/Imagen-de-WhatsApp-2025-05-16-a-las-20.56.30_574aa2cb.jpg?resize=1024%2C768&amp;ssl=1 1024w, https:\/\/i0.wp.com\/gulfsupply.com.mx\/wp-content\/uploads\/2025\/05\/Imagen-de-WhatsApp-2025-05-16-a-las-20.56.30_574aa2cb.jpg?resize=300%2C225&amp;ssl=1 300w, https:\/\/i0.wp.com\/gulfsupply.com.mx\/wp-content\/uploads\/2025\/05\/Imagen-de-WhatsApp-2025-05-16-a-las-20.56.30_574aa2cb.jpg?resize=768%2C576&amp;ssl=1 768w, https:\/\/i0.wp.com\/gulfsupply.com.mx\/wp-content\/uploads\/2025\/05\/Imagen-de-WhatsApp-2025-05-16-a-las-20.56.30_574aa2cb.jpg?resize=1536%2C1152&amp;ssl=1 1536w, https:\/\/i0.wp.com\/gulfsupply.com.mx\/wp-content\/uploads\/2025\/05\/Imagen-de-WhatsApp-2025-05-16-a-las-20.56.30_574aa2cb.jpg?w=1600&amp;ssl=1 1600w, https:\/\/i0.wp.com\/gulfsupply.com.mx\/wp-content\/uploads\/2025\/05\/Imagen-de-WhatsApp-2025-05-16-a-las-20.56.30_574aa2cb.jpg?w=1356&amp;ssl=1 1356w\" sizes=\"auto, (max-width: 678px) 100vw, 678px\" \/><\/figure>\n<\/figure>\n<\/div><\/div>","protected":false},"excerpt":{"rendered":"<p>Experiencia comprobable en la ejecuci\u00f3n de mantenimientos preventivos, correctivos y diagn\u00f3stico de fallas a equipos en instalaciones petroleras Onshore y Offshore. Nos destacamos por adaptar nuestros servicios a las necesidades espec\u00edficas del cliente y de acuerdo a las condiciones operativas presentes, siempre manteniendo una eficiente relaci\u00f3n precio \u2013 valor para el cliente. Nuestro personal cuenta [&hellip;]<\/p>\n","protected":false},"author":1,"featured_media":0,"parent":0,"menu_order":0,"comment_status":"closed","ping_status":"closed","template":"","meta":{"nf_dc_page":"","om_disable_all_campaigns":false,"footnotes":""},"class_list":["post-244","page","type-page","status-publish","hentry"],"yoast_head":"<!-- This site is optimized with the Yoast SEO plugin v27.4 - https:\/\/yoast.com\/product\/yoast-seo-wordpress\/ -->\n<title>Mantenimiento de Campos Petroleros - Gulf Supply<\/title>\n<meta name=\"robots\" content=\"index, follow, max-snippet:-1, max-image-preview:large, max-video-preview:-1\" \/>\n<link rel=\"canonical\" href=\"https:\/\/gulfsupply.com.mx\/en\/mantenimiento-y-servicios-generales-a-edificios\/\" \/>\n<meta property=\"og:locale\" content=\"en_US\" \/>\n<meta property=\"og:type\" content=\"article\" \/>\n<meta property=\"og:title\" content=\"Mantenimiento de Campos Petroleros - Gulf Supply\" \/>\n<meta property=\"og:description\" content=\"Experiencia comprobable en la ejecuci\u00f3n de mantenimientos preventivos, correctivos y diagn\u00f3stico de fallas a equipos en instalaciones petroleras Onshore y Offshore. Nos destacamos por adaptar nuestros servicios a las necesidades espec\u00edficas del cliente y de acuerdo a las condiciones operativas presentes, siempre manteniendo una eficiente relaci\u00f3n precio \u2013 valor para el cliente. Nuestro personal cuenta [&hellip;]\" \/>\n<meta property=\"og:url\" content=\"https:\/\/gulfsupply.com.mx\/en\/mantenimiento-y-servicios-generales-a-edificios\/\" \/>\n<meta property=\"og:site_name\" content=\"Gulf Supply\" \/>\n<meta property=\"article:modified_time\" content=\"2025-06-14T04:07:31+00:00\" \/>\n<meta property=\"og:image\" content=\"https:\/\/gulfsupply.com.mx\/wp-content\/uploads\/2025\/05\/Imagen-de-WhatsApp-2025-05-16-a-las-20.56.28_085ac63e-768x1024.jpg\" \/>\n<meta name=\"twitter:card\" content=\"summary_large_image\" \/>\n<meta name=\"twitter:label1\" content=\"Est. reading time\" \/>\n\t<meta name=\"twitter:data1\" content=\"3 minutes\" \/>\n<script type=\"application\/ld+json\" class=\"yoast-schema-graph\">{\"@context\":\"https:\\\/\\\/schema.org\",\"@graph\":[{\"@type\":\"WebPage\",\"@id\":\"https:\\\/\\\/gulfsupply.com.mx\\\/mantenimiento-y-servicios-generales-a-edificios\\\/\",\"url\":\"https:\\\/\\\/gulfsupply.com.mx\\\/mantenimiento-y-servicios-generales-a-edificios\\\/\",\"name\":\"Mantenimiento de Campos Petroleros - Gulf Supply\",\"isPartOf\":{\"@id\":\"https:\\\/\\\/gulfsupply.com.mx\\\/#website\"},\"primaryImageOfPage\":{\"@id\":\"https:\\\/\\\/gulfsupply.com.mx\\\/mantenimiento-y-servicios-generales-a-edificios\\\/#primaryimage\"},\"image\":{\"@id\":\"https:\\\/\\\/gulfsupply.com.mx\\\/mantenimiento-y-servicios-generales-a-edificios\\\/#primaryimage\"},\"thumbnailUrl\":\"https:\\\/\\\/gulfsupply.com.mx\\\/wp-content\\\/uploads\\\/2025\\\/05\\\/Imagen-de-WhatsApp-2025-05-16-a-las-20.56.28_085ac63e-768x1024.jpg\",\"datePublished\":\"2025-04-11T22:50:31+00:00\",\"dateModified\":\"2025-06-14T04:07:31+00:00\",\"breadcrumb\":{\"@id\":\"https:\\\/\\\/gulfsupply.com.mx\\\/mantenimiento-y-servicios-generales-a-edificios\\\/#breadcrumb\"},\"inLanguage\":\"en-US\",\"potentialAction\":[{\"@type\":\"ReadAction\",\"target\":[\"https:\\\/\\\/gulfsupply.com.mx\\\/mantenimiento-y-servicios-generales-a-edificios\\\/\"]}]},{\"@type\":\"ImageObject\",\"inLanguage\":\"en-US\",\"@id\":\"https:\\\/\\\/gulfsupply.com.mx\\\/mantenimiento-y-servicios-generales-a-edificios\\\/#primaryimage\",\"url\":\"https:\\\/\\\/gulfsupply.com.mx\\\/wp-content\\\/uploads\\\/2025\\\/05\\\/Imagen-de-WhatsApp-2025-05-16-a-las-20.56.28_085ac63e-768x1024.jpg\",\"contentUrl\":\"https:\\\/\\\/gulfsupply.com.mx\\\/wp-content\\\/uploads\\\/2025\\\/05\\\/Imagen-de-WhatsApp-2025-05-16-a-las-20.56.28_085ac63e-768x1024.jpg\"},{\"@type\":\"BreadcrumbList\",\"@id\":\"https:\\\/\\\/gulfsupply.com.mx\\\/mantenimiento-y-servicios-generales-a-edificios\\\/#breadcrumb\",\"itemListElement\":[{\"@type\":\"ListItem\",\"position\":1,\"name\":\"Home\",\"item\":\"https:\\\/\\\/gulfsupply.com.mx\\\/\"},{\"@type\":\"ListItem\",\"position\":2,\"name\":\"Mantenimiento de Campos Petroleros\"}]},{\"@type\":\"WebSite\",\"@id\":\"https:\\\/\\\/gulfsupply.com.mx\\\/#website\",\"url\":\"https:\\\/\\\/gulfsupply.com.mx\\\/\",\"name\":\"Gulf Supply\",\"description\":\"Inicio\",\"publisher\":{\"@id\":\"https:\\\/\\\/gulfsupply.com.mx\\\/#organization\"},\"potentialAction\":[{\"@type\":\"SearchAction\",\"target\":{\"@type\":\"EntryPoint\",\"urlTemplate\":\"https:\\\/\\\/gulfsupply.com.mx\\\/?s={search_term_string}\"},\"query-input\":{\"@type\":\"PropertyValueSpecification\",\"valueRequired\":true,\"valueName\":\"search_term_string\"}}],\"inLanguage\":\"en-US\"},{\"@type\":\"Organization\",\"@id\":\"https:\\\/\\\/gulfsupply.com.mx\\\/#organization\",\"name\":\"Gulf Supply\",\"url\":\"https:\\\/\\\/gulfsupply.com.mx\\\/\",\"logo\":{\"@type\":\"ImageObject\",\"inLanguage\":\"en-US\",\"@id\":\"https:\\\/\\\/gulfsupply.com.mx\\\/#\\\/schema\\\/logo\\\/image\\\/\",\"url\":\"https:\\\/\\\/i0.wp.com\\\/gulfsupply.com.mx\\\/wp-content\\\/uploads\\\/2025\\\/04\\\/cropped-438700815_992376719558600_8402714337920914076_n.jpg?fit=817%2C730&ssl=1\",\"contentUrl\":\"https:\\\/\\\/i0.wp.com\\\/gulfsupply.com.mx\\\/wp-content\\\/uploads\\\/2025\\\/04\\\/cropped-438700815_992376719558600_8402714337920914076_n.jpg?fit=817%2C730&ssl=1\",\"width\":817,\"height\":730,\"caption\":\"Gulf Supply\"},\"image\":{\"@id\":\"https:\\\/\\\/gulfsupply.com.mx\\\/#\\\/schema\\\/logo\\\/image\\\/\"}}]}<\/script>\n<!-- \/ Yoast SEO plugin. -->","yoast_head_json":{"title":"Mantenimiento de Campos Petroleros - Gulf Supply","robots":{"index":"index","follow":"follow","max-snippet":"max-snippet:-1","max-image-preview":"max-image-preview:large","max-video-preview":"max-video-preview:-1"},"canonical":"https:\/\/gulfsupply.com.mx\/en\/mantenimiento-y-servicios-generales-a-edificios\/","og_locale":"en_US","og_type":"article","og_title":"Mantenimiento de Campos Petroleros - Gulf Supply","og_description":"Experiencia comprobable en la ejecuci\u00f3n de mantenimientos preventivos, correctivos y diagn\u00f3stico de fallas a equipos en instalaciones petroleras Onshore y Offshore. Nos destacamos por adaptar nuestros servicios a las necesidades espec\u00edficas del cliente y de acuerdo a las condiciones operativas presentes, siempre manteniendo una eficiente relaci\u00f3n precio \u2013 valor para el cliente. Nuestro personal cuenta [&hellip;]","og_url":"https:\/\/gulfsupply.com.mx\/en\/mantenimiento-y-servicios-generales-a-edificios\/","og_site_name":"Gulf Supply","article_modified_time":"2025-06-14T04:07:31+00:00","og_image":[{"url":"https:\/\/gulfsupply.com.mx\/wp-content\/uploads\/2025\/05\/Imagen-de-WhatsApp-2025-05-16-a-las-20.56.28_085ac63e-768x1024.jpg","type":"","width":"","height":""}],"twitter_card":"summary_large_image","twitter_misc":{"Est. reading time":"3 minutes"},"schema":{"@context":"https:\/\/schema.org","@graph":[{"@type":"WebPage","@id":"https:\/\/gulfsupply.com.mx\/mantenimiento-y-servicios-generales-a-edificios\/","url":"https:\/\/gulfsupply.com.mx\/mantenimiento-y-servicios-generales-a-edificios\/","name":"Mantenimiento de Campos Petroleros - Gulf Supply","isPartOf":{"@id":"https:\/\/gulfsupply.com.mx\/#website"},"primaryImageOfPage":{"@id":"https:\/\/gulfsupply.com.mx\/mantenimiento-y-servicios-generales-a-edificios\/#primaryimage"},"image":{"@id":"https:\/\/gulfsupply.com.mx\/mantenimiento-y-servicios-generales-a-edificios\/#primaryimage"},"thumbnailUrl":"https:\/\/gulfsupply.com.mx\/wp-content\/uploads\/2025\/05\/Imagen-de-WhatsApp-2025-05-16-a-las-20.56.28_085ac63e-768x1024.jpg","datePublished":"2025-04-11T22:50:31+00:00","dateModified":"2025-06-14T04:07:31+00:00","breadcrumb":{"@id":"https:\/\/gulfsupply.com.mx\/mantenimiento-y-servicios-generales-a-edificios\/#breadcrumb"},"inLanguage":"en-US","potentialAction":[{"@type":"ReadAction","target":["https:\/\/gulfsupply.com.mx\/mantenimiento-y-servicios-generales-a-edificios\/"]}]},{"@type":"ImageObject","inLanguage":"en-US","@id":"https:\/\/gulfsupply.com.mx\/mantenimiento-y-servicios-generales-a-edificios\/#primaryimage","url":"https:\/\/gulfsupply.com.mx\/wp-content\/uploads\/2025\/05\/Imagen-de-WhatsApp-2025-05-16-a-las-20.56.28_085ac63e-768x1024.jpg","contentUrl":"https:\/\/gulfsupply.com.mx\/wp-content\/uploads\/2025\/05\/Imagen-de-WhatsApp-2025-05-16-a-las-20.56.28_085ac63e-768x1024.jpg"},{"@type":"BreadcrumbList","@id":"https:\/\/gulfsupply.com.mx\/mantenimiento-y-servicios-generales-a-edificios\/#breadcrumb","itemListElement":[{"@type":"ListItem","position":1,"name":"Home","item":"https:\/\/gulfsupply.com.mx\/"},{"@type":"ListItem","position":2,"name":"Mantenimiento de Campos Petroleros"}]},{"@type":"WebSite","@id":"https:\/\/gulfsupply.com.mx\/#website","url":"https:\/\/gulfsupply.com.mx\/","name":"Gulf Supply","description":"Home","publisher":{"@id":"https:\/\/gulfsupply.com.mx\/#organization"},"potentialAction":[{"@type":"SearchAction","target":{"@type":"EntryPoint","urlTemplate":"https:\/\/gulfsupply.com.mx\/?s={search_term_string}"},"query-input":{"@type":"PropertyValueSpecification","valueRequired":true,"valueName":"search_term_string"}}],"inLanguage":"en-US"},{"@type":"Organization","@id":"https:\/\/gulfsupply.com.mx\/#organization","name":"Gulf Supply","url":"https:\/\/gulfsupply.com.mx\/","logo":{"@type":"ImageObject","inLanguage":"en-US","@id":"https:\/\/gulfsupply.com.mx\/#\/schema\/logo\/image\/","url":"https:\/\/i0.wp.com\/gulfsupply.com.mx\/wp-content\/uploads\/2025\/04\/cropped-438700815_992376719558600_8402714337920914076_n.jpg?fit=817%2C730&ssl=1","contentUrl":"https:\/\/i0.wp.com\/gulfsupply.com.mx\/wp-content\/uploads\/2025\/04\/cropped-438700815_992376719558600_8402714337920914076_n.jpg?fit=817%2C730&ssl=1","width":817,"height":730,"caption":"Gulf Supply"},"image":{"@id":"https:\/\/gulfsupply.com.mx\/#\/schema\/logo\/image\/"}}]}},"jetpack_sharing_enabled":true,"_links":{"self":[{"href":"https:\/\/gulfsupply.com.mx\/en\/wp-json\/wp\/v2\/pages\/244","targetHints":{"allow":["GET"]}}],"collection":[{"href":"https:\/\/gulfsupply.com.mx\/en\/wp-json\/wp\/v2\/pages"}],"about":[{"href":"https:\/\/gulfsupply.com.mx\/en\/wp-json\/wp\/v2\/types\/page"}],"author":[{"embeddable":true,"href":"https:\/\/gulfsupply.com.mx\/en\/wp-json\/wp\/v2\/users\/1"}],"replies":[{"embeddable":true,"href":"https:\/\/gulfsupply.com.mx\/en\/wp-json\/wp\/v2\/comments?post=244"}],"version-history":[{"count":5,"href":"https:\/\/gulfsupply.com.mx\/en\/wp-json\/wp\/v2\/pages\/244\/revisions"}],"predecessor-version":[{"id":1186,"href":"https:\/\/gulfsupply.com.mx\/en\/wp-json\/wp\/v2\/pages\/244\/revisions\/1186"}],"wp:attachment":[{"href":"https:\/\/gulfsupply.com.mx\/en\/wp-json\/wp\/v2\/media?parent=244"}],"curies":[{"name":"wp","href":"https:\/\/api.w.org\/{rel}","templated":true}]}}