{"id":235,"date":"2025-04-11T22:41:24","date_gmt":"2025-04-11T22:41:24","guid":{"rendered":"https:\/\/gulfsupply.com.mx\/?page_id=235"},"modified":"2025-06-13T23:12:03","modified_gmt":"2025-06-14T05:12:03","slug":"soluciones-quimicas","status":"publish","type":"page","link":"https:\/\/gulfsupply.com.mx\/en\/soluciones-quimicas\/","title":{"rendered":"Chemical Solutions"},"content":{"rendered":"<div class=\"wp-block-columns is-layout-flex wp-container-core-columns-is-layout-9d6595d7 wp-block-columns-is-layout-flex\">\n<div class=\"wp-block-column is-layout-flow wp-block-column-is-layout-flow\">\n<h2 class=\"wp-block-heading\"><a href=\"https:\/\/gulfsupply.com.mx\/en\/servicio-integral-de-inyeccion\/\">Chemical treatments services<\/a><\/h2>\n\n\n\n<figure class=\"wp-block-image size-full\"><img decoding=\"async\" width=\"494\" height=\"483\" loading=\"lazy\" src=\"https:\/\/i0.wp.com\/gulfsupply.com.mx\/wp-content\/uploads\/2025\/06\/Captura-de-pantalla-2025-06-11-235514.png?fit=494%2C483&amp;ssl=1\" alt=\"\" class=\"wp-image-1151\" srcset=\"https:\/\/i0.wp.com\/gulfsupply.com.mx\/wp-content\/uploads\/2025\/06\/Captura-de-pantalla-2025-06-11-235514.png?w=494&amp;ssl=1 494w, https:\/\/i0.wp.com\/gulfsupply.com.mx\/wp-content\/uploads\/2025\/06\/Captura-de-pantalla-2025-06-11-235514.png?resize=300%2C293&amp;ssl=1 300w, https:\/\/i0.wp.com\/gulfsupply.com.mx\/wp-content\/uploads\/2025\/06\/Captura-de-pantalla-2025-06-11-235514.png?resize=12%2C12&amp;ssl=1 12w\" sizes=\"auto, (max-width: 494px) 100vw, 494px\" \/><\/figure>\n<\/div>\n\n\n\n<div class=\"wp-block-column is-layout-flow wp-block-column-is-layout-flow\">\n<h2 class=\"wp-block-heading\"><a href=\"https:\/\/gulfsupply.com.mx\/en\/suministro-formulacion-y-mezclado-de-productos\/\">Supply, Formulation and Mixing of Products<\/a><\/h2>\n\n\n\n<figure class=\"wp-block-image size-full\"><img decoding=\"async\" width=\"510\" height=\"512\" loading=\"lazy\" src=\"https:\/\/i0.wp.com\/gulfsupply.com.mx\/wp-content\/uploads\/2025\/06\/Captura-de-pantalla-2025-06-11-235440.png?fit=510%2C512&amp;ssl=1\" alt=\"\" class=\"wp-image-1153\" srcset=\"https:\/\/i0.wp.com\/gulfsupply.com.mx\/wp-content\/uploads\/2025\/06\/Captura-de-pantalla-2025-06-11-235440.png?w=510&amp;ssl=1 510w, https:\/\/i0.wp.com\/gulfsupply.com.mx\/wp-content\/uploads\/2025\/06\/Captura-de-pantalla-2025-06-11-235440.png?resize=300%2C300&amp;ssl=1 300w, https:\/\/i0.wp.com\/gulfsupply.com.mx\/wp-content\/uploads\/2025\/06\/Captura-de-pantalla-2025-06-11-235440.png?resize=150%2C150&amp;ssl=1 150w, https:\/\/i0.wp.com\/gulfsupply.com.mx\/wp-content\/uploads\/2025\/06\/Captura-de-pantalla-2025-06-11-235440.png?resize=12%2C12&amp;ssl=1 12w\" sizes=\"auto, (max-width: 510px) 100vw, 510px\" \/><\/figure>\n<\/div>\n<\/div>\n\n\n\n<div class=\"wp-block-columns is-layout-flex wp-container-core-columns-is-layout-9d6595d7 wp-block-columns-is-layout-flex\">\n<div class=\"wp-block-column is-layout-flow wp-block-column-is-layout-flow\"><\/div>\n\n\n\n<div class=\"wp-block-column is-layout-flow wp-block-column-is-layout-flow\"><\/div>\n<\/div>\n\n\n\n<div class=\"wp-block-columns is-layout-flex wp-container-core-columns-is-layout-9d6595d7 wp-block-columns-is-layout-flex\">\n<div class=\"wp-block-column is-layout-flow wp-block-column-is-layout-flow\">\n<h2 class=\"wp-block-heading\"><a href=\"https:\/\/gulfsupply.com.mx\/en\/estimulaciones-quimicas\/\">Chemical Stimulatons<\/a><\/h2>\n\n\n\n<figure class=\"wp-block-image size-full\"><img decoding=\"async\" width=\"691\" height=\"608\" loading=\"lazy\" src=\"https:\/\/i0.wp.com\/gulfsupply.com.mx\/wp-content\/uploads\/2025\/06\/Captura-de-pantalla-2025-06-11-235544.png?fit=691%2C608&amp;ssl=1\" alt=\"\" class=\"wp-image-1155\" srcset=\"https:\/\/i0.wp.com\/gulfsupply.com.mx\/wp-content\/uploads\/2025\/06\/Captura-de-pantalla-2025-06-11-235544.png?w=691&amp;ssl=1 691w, https:\/\/i0.wp.com\/gulfsupply.com.mx\/wp-content\/uploads\/2025\/06\/Captura-de-pantalla-2025-06-11-235544.png?resize=300%2C264&amp;ssl=1 300w, https:\/\/i0.wp.com\/gulfsupply.com.mx\/wp-content\/uploads\/2025\/06\/Captura-de-pantalla-2025-06-11-235544.png?resize=14%2C12&amp;ssl=1 14w\" sizes=\"auto, (max-width: 678px) 100vw, 678px\" \/><\/figure>\n<\/div>\n\n\n\n<div class=\"wp-block-column is-layout-flow wp-block-column-is-layout-flow\">\n<h2 class=\"wp-block-heading\"><a href=\"https:\/\/gulfsupply.com.mx\/en\/servicio-de-muestreo-y-analisis-de-laboratorio\/4\/\">Sampling and Laboratory Analysis Service<\/a><\/h2>\n\n\n\n<figure class=\"wp-block-image size-full\"><img decoding=\"async\" width=\"498\" height=\"514\" loading=\"lazy\" src=\"https:\/\/i0.wp.com\/gulfsupply.com.mx\/wp-content\/uploads\/2025\/06\/Captura-de-pantalla-2025-06-11-235610.png?fit=498%2C514&amp;ssl=1\" alt=\"\" class=\"wp-image-1157\" srcset=\"https:\/\/i0.wp.com\/gulfsupply.com.mx\/wp-content\/uploads\/2025\/06\/Captura-de-pantalla-2025-06-11-235610.png?w=498&amp;ssl=1 498w, https:\/\/i0.wp.com\/gulfsupply.com.mx\/wp-content\/uploads\/2025\/06\/Captura-de-pantalla-2025-06-11-235610.png?resize=291%2C300&amp;ssl=1 291w, https:\/\/i0.wp.com\/gulfsupply.com.mx\/wp-content\/uploads\/2025\/06\/Captura-de-pantalla-2025-06-11-235610.png?resize=12%2C12&amp;ssl=1 12w\" sizes=\"auto, (max-width: 498px) 100vw, 498px\" \/><\/figure>\n<\/div>\n<\/div>\n\n\n\n<div class=\"wp-block-columns is-layout-flex wp-container-core-columns-is-layout-9d6595d7 wp-block-columns-is-layout-flex\">\n<div class=\"wp-block-column is-layout-flow wp-block-column-is-layout-flow\"><\/div>\n\n\n\n<div class=\"wp-block-column is-layout-flow wp-block-column-is-layout-flow\"><\/div>\n<\/div>","protected":false},"excerpt":{"rendered":"<p>Servicio Integral de Inyecci\u00f3n Suministro, Formulaci\u00f3n y Mezclado de Productos Estimulaciones Qu\u00edmicas Servicio de Muestreo y An\u00e1lisis de Laboratorio<\/p>","protected":false},"author":1,"featured_media":0,"parent":0,"menu_order":0,"comment_status":"closed","ping_status":"closed","template":"","meta":{"nf_dc_page":"","om_disable_all_campaigns":false,"footnotes":""},"class_list":["post-235","page","type-page","status-publish","hentry"],"yoast_head":"<!-- This site is optimized with the Yoast SEO plugin v27.4 - https:\/\/yoast.com\/product\/yoast-seo-wordpress\/ -->\n<title>Soluciones Qu\u00edmicas - Gulf Supply<\/title>\n<meta name=\"robots\" content=\"index, follow, max-snippet:-1, max-image-preview:large, max-video-preview:-1\" \/>\n<link rel=\"canonical\" href=\"https:\/\/gulfsupply.com.mx\/en\/soluciones-quimicas\/\" \/>\n<meta property=\"og:locale\" content=\"en_US\" \/>\n<meta property=\"og:type\" content=\"article\" \/>\n<meta property=\"og:title\" content=\"Soluciones Qu\u00edmicas - Gulf Supply\" \/>\n<meta property=\"og:description\" content=\"Servicio Integral de Inyecci\u00f3n Suministro, Formulaci\u00f3n y Mezclado de Productos Estimulaciones Qu\u00edmicas Servicio de Muestreo y An\u00e1lisis de Laboratorio\" \/>\n<meta property=\"og:url\" content=\"https:\/\/gulfsupply.com.mx\/en\/soluciones-quimicas\/\" \/>\n<meta property=\"og:site_name\" content=\"Gulf Supply\" \/>\n<meta property=\"article:modified_time\" content=\"2025-06-14T05:12:03+00:00\" \/>\n<meta property=\"og:image\" content=\"https:\/\/i0.wp.com\/gulfsupply.com.mx\/wp-content\/uploads\/2025\/06\/Captura-de-pantalla-2025-06-11-235514.png?fit=494%2C483&ssl=1\" \/>\n\t<meta property=\"og:image:width\" content=\"494\" \/>\n\t<meta property=\"og:image:height\" content=\"483\" \/>\n\t<meta property=\"og:image:type\" content=\"image\/png\" \/>\n<meta name=\"twitter:card\" content=\"summary_large_image\" \/>\n<meta name=\"twitter:label1\" content=\"Est. reading time\" \/>\n\t<meta name=\"twitter:data1\" content=\"1 minute\" \/>\n<script type=\"application\/ld+json\" class=\"yoast-schema-graph\">{\"@context\":\"https:\\\/\\\/schema.org\",\"@graph\":[{\"@type\":\"WebPage\",\"@id\":\"https:\\\/\\\/gulfsupply.com.mx\\\/soluciones-quimicas\\\/\",\"url\":\"https:\\\/\\\/gulfsupply.com.mx\\\/soluciones-quimicas\\\/\",\"name\":\"Soluciones Qu\u00edmicas - Gulf Supply\",\"isPartOf\":{\"@id\":\"https:\\\/\\\/gulfsupply.com.mx\\\/#website\"},\"primaryImageOfPage\":{\"@id\":\"https:\\\/\\\/gulfsupply.com.mx\\\/soluciones-quimicas\\\/#primaryimage\"},\"image\":{\"@id\":\"https:\\\/\\\/gulfsupply.com.mx\\\/soluciones-quimicas\\\/#primaryimage\"},\"thumbnailUrl\":\"https:\\\/\\\/i0.wp.com\\\/gulfsupply.com.mx\\\/wp-content\\\/uploads\\\/2025\\\/06\\\/Captura-de-pantalla-2025-06-11-235514.png?fit=494%2C483&amp;ssl=1\",\"datePublished\":\"2025-04-11T22:41:24+00:00\",\"dateModified\":\"2025-06-14T05:12:03+00:00\",\"breadcrumb\":{\"@id\":\"https:\\\/\\\/gulfsupply.com.mx\\\/soluciones-quimicas\\\/#breadcrumb\"},\"inLanguage\":\"en-US\",\"potentialAction\":[{\"@type\":\"ReadAction\",\"target\":[\"https:\\\/\\\/gulfsupply.com.mx\\\/soluciones-quimicas\\\/\"]}]},{\"@type\":\"ImageObject\",\"inLanguage\":\"en-US\",\"@id\":\"https:\\\/\\\/gulfsupply.com.mx\\\/soluciones-quimicas\\\/#primaryimage\",\"url\":\"https:\\\/\\\/i0.wp.com\\\/gulfsupply.com.mx\\\/wp-content\\\/uploads\\\/2025\\\/06\\\/Captura-de-pantalla-2025-06-11-235514.png?fit=494%2C483&amp;ssl=1\",\"contentUrl\":\"https:\\\/\\\/i0.wp.com\\\/gulfsupply.com.mx\\\/wp-content\\\/uploads\\\/2025\\\/06\\\/Captura-de-pantalla-2025-06-11-235514.png?fit=494%2C483&amp;ssl=1\"},{\"@type\":\"BreadcrumbList\",\"@id\":\"https:\\\/\\\/gulfsupply.com.mx\\\/soluciones-quimicas\\\/#breadcrumb\",\"itemListElement\":[{\"@type\":\"ListItem\",\"position\":1,\"name\":\"Home\",\"item\":\"https:\\\/\\\/gulfsupply.com.mx\\\/\"},{\"@type\":\"ListItem\",\"position\":2,\"name\":\"Soluciones Qu\u00edmicas\"}]},{\"@type\":\"WebSite\",\"@id\":\"https:\\\/\\\/gulfsupply.com.mx\\\/#website\",\"url\":\"https:\\\/\\\/gulfsupply.com.mx\\\/\",\"name\":\"Gulf Supply\",\"description\":\"Inicio\",\"publisher\":{\"@id\":\"https:\\\/\\\/gulfsupply.com.mx\\\/#organization\"},\"potentialAction\":[{\"@type\":\"SearchAction\",\"target\":{\"@type\":\"EntryPoint\",\"urlTemplate\":\"https:\\\/\\\/gulfsupply.com.mx\\\/?s={search_term_string}\"},\"query-input\":{\"@type\":\"PropertyValueSpecification\",\"valueRequired\":true,\"valueName\":\"search_term_string\"}}],\"inLanguage\":\"en-US\"},{\"@type\":\"Organization\",\"@id\":\"https:\\\/\\\/gulfsupply.com.mx\\\/#organization\",\"name\":\"Gulf Supply\",\"url\":\"https:\\\/\\\/gulfsupply.com.mx\\\/\",\"logo\":{\"@type\":\"ImageObject\",\"inLanguage\":\"en-US\",\"@id\":\"https:\\\/\\\/gulfsupply.com.mx\\\/#\\\/schema\\\/logo\\\/image\\\/\",\"url\":\"https:\\\/\\\/i0.wp.com\\\/gulfsupply.com.mx\\\/wp-content\\\/uploads\\\/2025\\\/04\\\/cropped-438700815_992376719558600_8402714337920914076_n.jpg?fit=817%2C730&ssl=1\",\"contentUrl\":\"https:\\\/\\\/i0.wp.com\\\/gulfsupply.com.mx\\\/wp-content\\\/uploads\\\/2025\\\/04\\\/cropped-438700815_992376719558600_8402714337920914076_n.jpg?fit=817%2C730&ssl=1\",\"width\":817,\"height\":730,\"caption\":\"Gulf Supply\"},\"image\":{\"@id\":\"https:\\\/\\\/gulfsupply.com.mx\\\/#\\\/schema\\\/logo\\\/image\\\/\"}}]}<\/script>\n<!-- \/ Yoast SEO plugin. -->","yoast_head_json":{"title":"Soluciones Qu\u00edmicas - Gulf Supply","robots":{"index":"index","follow":"follow","max-snippet":"max-snippet:-1","max-image-preview":"max-image-preview:large","max-video-preview":"max-video-preview:-1"},"canonical":"https:\/\/gulfsupply.com.mx\/en\/soluciones-quimicas\/","og_locale":"en_US","og_type":"article","og_title":"Soluciones Qu\u00edmicas - Gulf Supply","og_description":"Servicio Integral de Inyecci\u00f3n Suministro, Formulaci\u00f3n y Mezclado de Productos Estimulaciones Qu\u00edmicas Servicio de Muestreo y An\u00e1lisis de Laboratorio","og_url":"https:\/\/gulfsupply.com.mx\/en\/soluciones-quimicas\/","og_site_name":"Gulf Supply","article_modified_time":"2025-06-14T05:12:03+00:00","og_image":[{"width":494,"height":483,"url":"https:\/\/i0.wp.com\/gulfsupply.com.mx\/wp-content\/uploads\/2025\/06\/Captura-de-pantalla-2025-06-11-235514.png?fit=494%2C483&ssl=1","type":"image\/png"}],"twitter_card":"summary_large_image","twitter_misc":{"Est. reading time":"1 minute"},"schema":{"@context":"https:\/\/schema.org","@graph":[{"@type":"WebPage","@id":"https:\/\/gulfsupply.com.mx\/soluciones-quimicas\/","url":"https:\/\/gulfsupply.com.mx\/soluciones-quimicas\/","name":"Soluciones Qu\u00edmicas - Gulf Supply","isPartOf":{"@id":"https:\/\/gulfsupply.com.mx\/#website"},"primaryImageOfPage":{"@id":"https:\/\/gulfsupply.com.mx\/soluciones-quimicas\/#primaryimage"},"image":{"@id":"https:\/\/gulfsupply.com.mx\/soluciones-quimicas\/#primaryimage"},"thumbnailUrl":"https:\/\/i0.wp.com\/gulfsupply.com.mx\/wp-content\/uploads\/2025\/06\/Captura-de-pantalla-2025-06-11-235514.png?fit=494%2C483&amp;ssl=1","datePublished":"2025-04-11T22:41:24+00:00","dateModified":"2025-06-14T05:12:03+00:00","breadcrumb":{"@id":"https:\/\/gulfsupply.com.mx\/soluciones-quimicas\/#breadcrumb"},"inLanguage":"en-US","potentialAction":[{"@type":"ReadAction","target":["https:\/\/gulfsupply.com.mx\/soluciones-quimicas\/"]}]},{"@type":"ImageObject","inLanguage":"en-US","@id":"https:\/\/gulfsupply.com.mx\/soluciones-quimicas\/#primaryimage","url":"https:\/\/i0.wp.com\/gulfsupply.com.mx\/wp-content\/uploads\/2025\/06\/Captura-de-pantalla-2025-06-11-235514.png?fit=494%2C483&amp;ssl=1","contentUrl":"https:\/\/i0.wp.com\/gulfsupply.com.mx\/wp-content\/uploads\/2025\/06\/Captura-de-pantalla-2025-06-11-235514.png?fit=494%2C483&amp;ssl=1"},{"@type":"BreadcrumbList","@id":"https:\/\/gulfsupply.com.mx\/soluciones-quimicas\/#breadcrumb","itemListElement":[{"@type":"ListItem","position":1,"name":"Home","item":"https:\/\/gulfsupply.com.mx\/"},{"@type":"ListItem","position":2,"name":"Soluciones Qu\u00edmicas"}]},{"@type":"WebSite","@id":"https:\/\/gulfsupply.com.mx\/#website","url":"https:\/\/gulfsupply.com.mx\/","name":"Gulf Supply","description":"Home","publisher":{"@id":"https:\/\/gulfsupply.com.mx\/#organization"},"potentialAction":[{"@type":"SearchAction","target":{"@type":"EntryPoint","urlTemplate":"https:\/\/gulfsupply.com.mx\/?s={search_term_string}"},"query-input":{"@type":"PropertyValueSpecification","valueRequired":true,"valueName":"search_term_string"}}],"inLanguage":"en-US"},{"@type":"Organization","@id":"https:\/\/gulfsupply.com.mx\/#organization","name":"Gulf Supply","url":"https:\/\/gulfsupply.com.mx\/","logo":{"@type":"ImageObject","inLanguage":"en-US","@id":"https:\/\/gulfsupply.com.mx\/#\/schema\/logo\/image\/","url":"https:\/\/i0.wp.com\/gulfsupply.com.mx\/wp-content\/uploads\/2025\/04\/cropped-438700815_992376719558600_8402714337920914076_n.jpg?fit=817%2C730&ssl=1","contentUrl":"https:\/\/i0.wp.com\/gulfsupply.com.mx\/wp-content\/uploads\/2025\/04\/cropped-438700815_992376719558600_8402714337920914076_n.jpg?fit=817%2C730&ssl=1","width":817,"height":730,"caption":"Gulf Supply"},"image":{"@id":"https:\/\/gulfsupply.com.mx\/#\/schema\/logo\/image\/"}}]}},"jetpack_sharing_enabled":true,"_links":{"self":[{"href":"https:\/\/gulfsupply.com.mx\/en\/wp-json\/wp\/v2\/pages\/235","targetHints":{"allow":["GET"]}}],"collection":[{"href":"https:\/\/gulfsupply.com.mx\/en\/wp-json\/wp\/v2\/pages"}],"about":[{"href":"https:\/\/gulfsupply.com.mx\/en\/wp-json\/wp\/v2\/types\/page"}],"author":[{"embeddable":true,"href":"https:\/\/gulfsupply.com.mx\/en\/wp-json\/wp\/v2\/users\/1"}],"replies":[{"embeddable":true,"href":"https:\/\/gulfsupply.com.mx\/en\/wp-json\/wp\/v2\/comments?post=235"}],"version-history":[{"count":5,"href":"https:\/\/gulfsupply.com.mx\/en\/wp-json\/wp\/v2\/pages\/235\/revisions"}],"predecessor-version":[{"id":1216,"href":"https:\/\/gulfsupply.com.mx\/en\/wp-json\/wp\/v2\/pages\/235\/revisions\/1216"}],"wp:attachment":[{"href":"https:\/\/gulfsupply.com.mx\/en\/wp-json\/wp\/v2\/media?parent=235"}],"curies":[{"name":"wp","href":"https:\/\/api.w.org\/{rel}","templated":true}]}}