{"id":231,"date":"2025-04-11T22:12:13","date_gmt":"2025-04-11T22:12:13","guid":{"rendered":"https:\/\/gulfsupply.com.mx\/?page_id=231"},"modified":"2025-06-06T08:49:53","modified_gmt":"2025-06-06T14:49:53","slug":"presencia","status":"publish","type":"page","link":"https:\/\/gulfsupply.com.mx\/en\/presencia\/","title":{"rendered":"Presence"},"content":{"rendered":"<div class=\"wp-block-columns are-vertically-aligned-top is-layout-flex wp-container-core-columns-is-layout-9d6595d7 wp-block-columns-is-layout-flex\">\n<div class=\"wp-block-column is-vertically-aligned-top is-layout-flow wp-block-column-is-layout-flow\">\n<h2 class=\"wp-block-heading has-text-align-center\">Corporativo<\/h2>\n\n\n\n<hr class=\"wp-block-separator has-alpha-channel-opacity\"\/>\n\n\n\n<div class=\"wp-block-group is-vertical is-layout-flex wp-container-core-group-is-layout-8cf370e7 wp-block-group-is-layout-flex\">\n<p class=\"\"><strong>Ciudad de M\u00e9xico<\/strong><br>Varsovia No. 36 Piso 4 Oficina 408, Colonia Ju\u00e1rez, Delegaci\u00f3n Cuauht\u00e9moc, C.P.06600, Ciudad de M\u00e9xico.<\/p>\n\n\n\n<p class=\"\">(55) 5533-0012<\/p>\n\n\n\n<p class=\"\"><\/p>\n\n\n\n<p class=\"\"><strong>Tamaulipas<\/strong><\/p>\n\n\n\n<p class=\"\">Paseo Lomas de Rosales, No. 203, Tercer Piso, Col. Loma de Rosales, C.P. 89100, Tampico, Tamps.<a href=\"https:\/\/gslmex.com.mx\/en\/\"><\/a><\/p>\n\n\n\n<p class=\"\">(833) 213-9515<\/p>\n<\/div>\n<\/div>\n\n\n\n<div class=\"wp-block-column is-vertically-aligned-top is-layout-flow wp-block-column-is-layout-flow\">\n<h2 class=\"wp-block-heading has-text-align-center\">Centros Operativos de Gulf Supply en el SNR<\/h2>\n\n\n\n<hr class=\"wp-block-separator has-alpha-channel-opacity\"\/>\n\n\n\n<h2 class=\"wp-block-heading has-medium-font-size\"><br>Refiner\u00eda Ing. H\u00e9ctor R. Lara Sosa<\/h2>\n\n\n\n<p class=\"\">Cadereyta, Nuevo Le\u00f3n<\/p>\n\n\n\n<p class=\"\"><a href=\"https:\/\/gslmex.com.mx\/presencia\/\"><\/a><\/p>\n\n\n\n<h2 class=\"wp-block-heading has-medium-font-size\">Refiner\u00eda Ing. Antonio Doval\u00ed Jaime<\/h2>\n\n\n\n<p class=\"\">Salina Cruz, Oaxaca<\/p>\n<\/div>\n\n\n\n<div class=\"wp-block-column is-vertically-aligned-top is-layout-flow wp-block-column-is-layout-flow\">\n<h2 class=\"wp-block-heading has-text-align-center\">Centros de Operaci\u00f3n y Mantenimiento a Pozos<\/h2>\n\n\n\n<hr class=\"wp-block-separator has-alpha-channel-opacity\"\/>\n\n\n\n<p class=\"\"><strong>Ebano, S.L.P.<\/strong><\/p>\n\n\n\n<p class=\"\"><strong>\u00c1lamo, Ver.<\/strong><a href=\"https:\/\/gslmex.com.mx\/presencia\/\"><\/a><\/p>\n\n\n\n<p class=\"\"><strong>Magallanes, Tab.<\/strong><a href=\"https:\/\/gslmex.com.mx\/presencia\/\"><\/a><\/p>\n\n\n\n<p class=\"\"><strong>Para\u00edso, Tab.<\/strong><\/p>\n\n\n\n<p class=\"\"><\/p>\n<\/div>\n<\/div>\n\n\n\n<p class=\"\"><\/p>","protected":false},"excerpt":{"rendered":"<p>Corporativo Ciudad de M\u00e9xicoVarsovia No. 36 Piso 4 Oficina 408, Colonia Ju\u00e1rez, Delegaci\u00f3n Cuauht\u00e9moc, C.P.06600, Ciudad de M\u00e9xico. (55) 5533-0012 Tamaulipas Paseo Lomas de Rosales, No. 203, Tercer Piso, Col. Loma de Rosales, C.P. 89100, Tampico, Tamps. (833) 213-9515 Centros Operativos de Gulf Supply en el SNR Refiner\u00eda Ing. H\u00e9ctor R. Lara Sosa Cadereyta, Nuevo [&hellip;]<\/p>\n","protected":false},"author":1,"featured_media":0,"parent":0,"menu_order":0,"comment_status":"closed","ping_status":"closed","template":"","meta":{"nf_dc_page":"","om_disable_all_campaigns":false,"footnotes":""},"class_list":["post-231","page","type-page","status-publish","hentry"],"yoast_head":"<!-- This site is optimized with the Yoast SEO plugin v27.4 - https:\/\/yoast.com\/product\/yoast-seo-wordpress\/ -->\n<title>Presencia - Gulf Supply<\/title>\n<meta name=\"robots\" content=\"index, follow, max-snippet:-1, max-image-preview:large, max-video-preview:-1\" \/>\n<link rel=\"canonical\" href=\"https:\/\/gulfsupply.com.mx\/en\/presencia\/\" \/>\n<meta property=\"og:locale\" content=\"en_US\" \/>\n<meta property=\"og:type\" content=\"article\" \/>\n<meta property=\"og:title\" content=\"Presencia - Gulf Supply\" \/>\n<meta property=\"og:description\" content=\"Corporativo Ciudad de M\u00e9xicoVarsovia No. 36 Piso 4 Oficina 408, Colonia Ju\u00e1rez, Delegaci\u00f3n Cuauht\u00e9moc, C.P.06600, Ciudad de M\u00e9xico. (55) 5533-0012 Tamaulipas Paseo Lomas de Rosales, No. 203, Tercer Piso, Col. Loma de Rosales, C.P. 89100, Tampico, Tamps. (833) 213-9515 Centros Operativos de Gulf Supply en el SNR Refiner\u00eda Ing. H\u00e9ctor R. Lara Sosa Cadereyta, Nuevo [&hellip;]\" \/>\n<meta property=\"og:url\" content=\"https:\/\/gulfsupply.com.mx\/en\/presencia\/\" \/>\n<meta property=\"og:site_name\" content=\"Gulf Supply\" \/>\n<meta property=\"article:modified_time\" content=\"2025-06-06T14:49:53+00:00\" \/>\n<meta name=\"twitter:card\" content=\"summary_large_image\" \/>\n<meta name=\"twitter:label1\" content=\"Est. reading time\" \/>\n\t<meta name=\"twitter:data1\" content=\"1 minute\" \/>\n<script type=\"application\/ld+json\" class=\"yoast-schema-graph\">{\"@context\":\"https:\\\/\\\/schema.org\",\"@graph\":[{\"@type\":\"WebPage\",\"@id\":\"https:\\\/\\\/gulfsupply.com.mx\\\/presencia\\\/\",\"url\":\"https:\\\/\\\/gulfsupply.com.mx\\\/presencia\\\/\",\"name\":\"Presencia - Gulf Supply\",\"isPartOf\":{\"@id\":\"https:\\\/\\\/gulfsupply.com.mx\\\/#website\"},\"datePublished\":\"2025-04-11T22:12:13+00:00\",\"dateModified\":\"2025-06-06T14:49:53+00:00\",\"breadcrumb\":{\"@id\":\"https:\\\/\\\/gulfsupply.com.mx\\\/presencia\\\/#breadcrumb\"},\"inLanguage\":\"en-US\",\"potentialAction\":[{\"@type\":\"ReadAction\",\"target\":[\"https:\\\/\\\/gulfsupply.com.mx\\\/presencia\\\/\"]}]},{\"@type\":\"BreadcrumbList\",\"@id\":\"https:\\\/\\\/gulfsupply.com.mx\\\/presencia\\\/#breadcrumb\",\"itemListElement\":[{\"@type\":\"ListItem\",\"position\":1,\"name\":\"Home\",\"item\":\"https:\\\/\\\/gulfsupply.com.mx\\\/\"},{\"@type\":\"ListItem\",\"position\":2,\"name\":\"Presencia\"}]},{\"@type\":\"WebSite\",\"@id\":\"https:\\\/\\\/gulfsupply.com.mx\\\/#website\",\"url\":\"https:\\\/\\\/gulfsupply.com.mx\\\/\",\"name\":\"Gulf Supply\",\"description\":\"Inicio\",\"publisher\":{\"@id\":\"https:\\\/\\\/gulfsupply.com.mx\\\/#organization\"},\"potentialAction\":[{\"@type\":\"SearchAction\",\"target\":{\"@type\":\"EntryPoint\",\"urlTemplate\":\"https:\\\/\\\/gulfsupply.com.mx\\\/?s={search_term_string}\"},\"query-input\":{\"@type\":\"PropertyValueSpecification\",\"valueRequired\":true,\"valueName\":\"search_term_string\"}}],\"inLanguage\":\"en-US\"},{\"@type\":\"Organization\",\"@id\":\"https:\\\/\\\/gulfsupply.com.mx\\\/#organization\",\"name\":\"Gulf Supply\",\"url\":\"https:\\\/\\\/gulfsupply.com.mx\\\/\",\"logo\":{\"@type\":\"ImageObject\",\"inLanguage\":\"en-US\",\"@id\":\"https:\\\/\\\/gulfsupply.com.mx\\\/#\\\/schema\\\/logo\\\/image\\\/\",\"url\":\"https:\\\/\\\/i0.wp.com\\\/gulfsupply.com.mx\\\/wp-content\\\/uploads\\\/2025\\\/04\\\/cropped-438700815_992376719558600_8402714337920914076_n.jpg?fit=817%2C730&ssl=1\",\"contentUrl\":\"https:\\\/\\\/i0.wp.com\\\/gulfsupply.com.mx\\\/wp-content\\\/uploads\\\/2025\\\/04\\\/cropped-438700815_992376719558600_8402714337920914076_n.jpg?fit=817%2C730&ssl=1\",\"width\":817,\"height\":730,\"caption\":\"Gulf Supply\"},\"image\":{\"@id\":\"https:\\\/\\\/gulfsupply.com.mx\\\/#\\\/schema\\\/logo\\\/image\\\/\"}}]}<\/script>\n<!-- \/ Yoast SEO plugin. -->","yoast_head_json":{"title":"Presencia - Gulf Supply","robots":{"index":"index","follow":"follow","max-snippet":"max-snippet:-1","max-image-preview":"max-image-preview:large","max-video-preview":"max-video-preview:-1"},"canonical":"https:\/\/gulfsupply.com.mx\/en\/presencia\/","og_locale":"en_US","og_type":"article","og_title":"Presencia - Gulf Supply","og_description":"Corporativo Ciudad de M\u00e9xicoVarsovia No. 36 Piso 4 Oficina 408, Colonia Ju\u00e1rez, Delegaci\u00f3n Cuauht\u00e9moc, C.P.06600, Ciudad de M\u00e9xico. (55) 5533-0012 Tamaulipas Paseo Lomas de Rosales, No. 203, Tercer Piso, Col. Loma de Rosales, C.P. 89100, Tampico, Tamps. (833) 213-9515 Centros Operativos de Gulf Supply en el SNR Refiner\u00eda Ing. H\u00e9ctor R. Lara Sosa Cadereyta, Nuevo [&hellip;]","og_url":"https:\/\/gulfsupply.com.mx\/en\/presencia\/","og_site_name":"Gulf Supply","article_modified_time":"2025-06-06T14:49:53+00:00","twitter_card":"summary_large_image","twitter_misc":{"Est. reading time":"1 minute"},"schema":{"@context":"https:\/\/schema.org","@graph":[{"@type":"WebPage","@id":"https:\/\/gulfsupply.com.mx\/presencia\/","url":"https:\/\/gulfsupply.com.mx\/presencia\/","name":"Presencia - Gulf Supply","isPartOf":{"@id":"https:\/\/gulfsupply.com.mx\/#website"},"datePublished":"2025-04-11T22:12:13+00:00","dateModified":"2025-06-06T14:49:53+00:00","breadcrumb":{"@id":"https:\/\/gulfsupply.com.mx\/presencia\/#breadcrumb"},"inLanguage":"en-US","potentialAction":[{"@type":"ReadAction","target":["https:\/\/gulfsupply.com.mx\/presencia\/"]}]},{"@type":"BreadcrumbList","@id":"https:\/\/gulfsupply.com.mx\/presencia\/#breadcrumb","itemListElement":[{"@type":"ListItem","position":1,"name":"Home","item":"https:\/\/gulfsupply.com.mx\/"},{"@type":"ListItem","position":2,"name":"Presencia"}]},{"@type":"WebSite","@id":"https:\/\/gulfsupply.com.mx\/#website","url":"https:\/\/gulfsupply.com.mx\/","name":"Gulf Supply","description":"Home","publisher":{"@id":"https:\/\/gulfsupply.com.mx\/#organization"},"potentialAction":[{"@type":"SearchAction","target":{"@type":"EntryPoint","urlTemplate":"https:\/\/gulfsupply.com.mx\/?s={search_term_string}"},"query-input":{"@type":"PropertyValueSpecification","valueRequired":true,"valueName":"search_term_string"}}],"inLanguage":"en-US"},{"@type":"Organization","@id":"https:\/\/gulfsupply.com.mx\/#organization","name":"Gulf Supply","url":"https:\/\/gulfsupply.com.mx\/","logo":{"@type":"ImageObject","inLanguage":"en-US","@id":"https:\/\/gulfsupply.com.mx\/#\/schema\/logo\/image\/","url":"https:\/\/i0.wp.com\/gulfsupply.com.mx\/wp-content\/uploads\/2025\/04\/cropped-438700815_992376719558600_8402714337920914076_n.jpg?fit=817%2C730&ssl=1","contentUrl":"https:\/\/i0.wp.com\/gulfsupply.com.mx\/wp-content\/uploads\/2025\/04\/cropped-438700815_992376719558600_8402714337920914076_n.jpg?fit=817%2C730&ssl=1","width":817,"height":730,"caption":"Gulf Supply"},"image":{"@id":"https:\/\/gulfsupply.com.mx\/#\/schema\/logo\/image\/"}}]}},"jetpack_sharing_enabled":true,"_links":{"self":[{"href":"https:\/\/gulfsupply.com.mx\/en\/wp-json\/wp\/v2\/pages\/231","targetHints":{"allow":["GET"]}}],"collection":[{"href":"https:\/\/gulfsupply.com.mx\/en\/wp-json\/wp\/v2\/pages"}],"about":[{"href":"https:\/\/gulfsupply.com.mx\/en\/wp-json\/wp\/v2\/types\/page"}],"author":[{"embeddable":true,"href":"https:\/\/gulfsupply.com.mx\/en\/wp-json\/wp\/v2\/users\/1"}],"replies":[{"embeddable":true,"href":"https:\/\/gulfsupply.com.mx\/en\/wp-json\/wp\/v2\/comments?post=231"}],"version-history":[{"count":5,"href":"https:\/\/gulfsupply.com.mx\/en\/wp-json\/wp\/v2\/pages\/231\/revisions"}],"predecessor-version":[{"id":1102,"href":"https:\/\/gulfsupply.com.mx\/en\/wp-json\/wp\/v2\/pages\/231\/revisions\/1102"}],"wp:attachment":[{"href":"https:\/\/gulfsupply.com.mx\/en\/wp-json\/wp\/v2\/media?parent=231"}],"curies":[{"name":"wp","href":"https:\/\/api.w.org\/{rel}","templated":true}]}}