{"id":20,"date":"2025-04-08T05:02:37","date_gmt":"2025-04-08T05:02:37","guid":{"rendered":"https:\/\/gulfsupply.com.mx\/?page_id=20"},"modified":"2025-06-02T11:56:46","modified_gmt":"2025-06-02T17:56:46","slug":"sobre-nosotros","status":"publish","type":"page","link":"https:\/\/gulfsupply.com.mx\/en\/sobre-nosotros\/","title":{"rendered":""},"content":{"rendered":"<h1 class=\"wp-block-heading has-text-align-center nfd-wb-animate nfd-wb-fade-in-bottom\"><strong>Gulf Supply<\/strong><\/h1>\n\n\n\n<div class=\"wp-block-columns are-vertically-aligned-top is-layout-flex wp-container-core-columns-is-layout-9d6595d7 wp-block-columns-is-layout-flex\">\n<div class=\"wp-block-column is-vertically-aligned-top is-layout-flow wp-block-column-is-layout-flow\">\n<hr class=\"wp-block-separator has-alpha-channel-opacity nfd-wb-animate nfd-wb-fade-in-bottom\"\/>\n\n\n\n<div class=\"wp-block-columns is-layout-flex wp-container-core-columns-is-layout-9d6595d7 wp-block-columns-is-layout-flex\">\n<div class=\"wp-block-column is-vertically-aligned-center is-layout-flow wp-block-column-is-layout-flow\">\n<p class=\"has-text-align-center\">We are a mexican company certified with more than 30 years of experience providing comprehensive solutions for the maintenance, management and optimization of hydrocarbon production in oil fields.<\/p>\n\n\n\n<p class=\"has-text-align-center\">We have a broad portfolio of complementary services that positively impact the operation and production of our customers.<\/p>\n<\/div>\n<\/div>\n\n\n\n<p class=\"has-text-align-center nfd-wb-animate nfd-wb-fade-in-bottom\"><\/p>\n<\/div>\n<\/div>\n\n\n\n<div class=\"is-style-nfd-theme-light wp-block-group has-medium-font-size nfd-divider-rounded nfd-wb-animate nfd-wb-fade-in-bottom\"><div class=\"wp-block-group__inner-container is-layout-constrained wp-block-group-is-layout-constrained\">\n<div class=\"wp-block-group\"><div class=\"wp-block-group__inner-container is-layout-constrained wp-block-group-is-layout-constrained\">\n<hr class=\"is-style-dots wp-block-separator has-alpha-channel-opacity\"\/>\n\n\n\n<h6 class=\"wp-block-heading has-text-align-center nfd-wb-animate nfd-wb-fade-in-bottom\"><strong>Qu\u00e9 Nos&nbsp;Distingue<\/strong><\/h6>\n<\/div><\/div>\n\n\n\n<p class=\"has-text-align-center nfd-wb-animate nfd-wb-fade-in-bottom\">We are renowned for our flexibility to provide an immediate response to operational requirements and emergencies with specialized personnel and procedures in adherence to the highest standards of quality, safety, health and environmental protection.<\/p>\n<\/div><\/div>\n\n\n\n<div style=\"height:143px\" aria-hidden=\"true\" class=\"wp-block-spacer\"><\/div>\n\n\n\n<div class=\"nfd-container nfd-p-md nfd-wb-gallery__gallery-2 wp-block-group\"><div class=\"wp-block-group__inner-container is-layout-constrained wp-block-group-is-layout-constrained\">\n<figure class=\"wp-block-gallery has-nested-images columns-4 is-cropped wp-block-gallery-1 is-layout-flex wp-block-gallery-is-layout-flex\">\n<figure class=\"nfd-mt-8 md:nfd-my-0 wp-block-image size-large nfd-wb-animate nfd-wb-fade-in-bottom\"><img data-recalc-dims=\"1\" decoding=\"async\" width=\"678\" height=\"449\" loading=\"lazy\" data-id=\"106\" src=\"https:\/\/i0.wp.com\/gulfsupply.com.mx\/wp-content\/uploads\/2025\/04\/pumpjack-7059383_1280.webp?resize=678%2C449&#038;ssl=1\" alt=\"\" class=\"wp-image-106\" style=\"aspect-ratio:3\/4;object-fit:cover\" srcset=\"https:\/\/i0.wp.com\/gulfsupply.com.mx\/wp-content\/uploads\/2025\/04\/pumpjack-7059383_1280.webp?resize=1024%2C678&amp;ssl=1 1024w, https:\/\/i0.wp.com\/gulfsupply.com.mx\/wp-content\/uploads\/2025\/04\/pumpjack-7059383_1280.webp?resize=300%2C199&amp;ssl=1 300w, https:\/\/i0.wp.com\/gulfsupply.com.mx\/wp-content\/uploads\/2025\/04\/pumpjack-7059383_1280.webp?resize=768%2C509&amp;ssl=1 768w, https:\/\/i0.wp.com\/gulfsupply.com.mx\/wp-content\/uploads\/2025\/04\/pumpjack-7059383_1280.webp?w=1280&amp;ssl=1 1280w\" sizes=\"auto, (max-width: 678px) 100vw, 678px\" \/><\/figure>\n\n\n\n<figure class=\"nfd-mb-8 md:nfd-my-0 wp-block-image size-large nfd-wb-animate nfd-wb-fade-in-bottom\"><img data-recalc-dims=\"1\" decoding=\"async\" width=\"678\" height=\"452\" loading=\"lazy\" data-id=\"92\" src=\"https:\/\/i0.wp.com\/gulfsupply.com.mx\/wp-content\/uploads\/2025\/04\/science-5314418_1280.jpg?resize=678%2C452&#038;ssl=1\" alt=\"\" class=\"wp-image-92\" style=\"aspect-ratio:3\/4;object-fit:cover\"\/><\/figure>\n\n\n\n<figure class=\"nfd-mt-8 md:nfd-my-0 wp-block-image size-full nfd-wb-animate nfd-wb-fade-in-bottom\"><img data-recalc-dims=\"1\" decoding=\"async\" width=\"555\" height=\"367\" loading=\"lazy\" data-id=\"97\" src=\"https:\/\/i0.wp.com\/gulfsupply.com.mx\/wp-content\/uploads\/2025\/04\/unidadAceiteCaliente.jpg?resize=555%2C367&#038;ssl=1\" alt=\"\" class=\"wp-image-97\" style=\"aspect-ratio:3\/4;object-fit:cover\" srcset=\"https:\/\/i0.wp.com\/gulfsupply.com.mx\/wp-content\/uploads\/2025\/04\/unidadAceiteCaliente.jpg?w=555&amp;ssl=1 555w, https:\/\/i0.wp.com\/gulfsupply.com.mx\/wp-content\/uploads\/2025\/04\/unidadAceiteCaliente.jpg?resize=300%2C198&amp;ssl=1 300w\" sizes=\"auto, (max-width: 555px) 100vw, 555px\" \/><\/figure>\n\n\n\n<figure class=\"nfd-mb-8 md:nfd-my-0 wp-block-image size-full nfd-wb-animate nfd-wb-fade-in-bottom\"><img data-recalc-dims=\"1\" decoding=\"async\" width=\"678\" height=\"448\" loading=\"lazy\" data-id=\"87\" src=\"https:\/\/i0.wp.com\/gulfsupply.com.mx\/wp-content\/uploads\/2025\/04\/ProduccionQuimico.jpg?resize=678%2C448&#038;ssl=1\" alt=\"\" class=\"wp-image-87\" style=\"aspect-ratio:3\/4;object-fit:cover\" srcset=\"https:\/\/i0.wp.com\/gulfsupply.com.mx\/wp-content\/uploads\/2025\/04\/ProduccionQuimico.jpg?w=1280&amp;ssl=1 1280w, https:\/\/i0.wp.com\/gulfsupply.com.mx\/wp-content\/uploads\/2025\/04\/ProduccionQuimico.jpg?resize=300%2C198&amp;ssl=1 300w, https:\/\/i0.wp.com\/gulfsupply.com.mx\/wp-content\/uploads\/2025\/04\/ProduccionQuimico.jpg?resize=1024%2C677&amp;ssl=1 1024w, https:\/\/i0.wp.com\/gulfsupply.com.mx\/wp-content\/uploads\/2025\/04\/ProduccionQuimico.jpg?resize=768%2C508&amp;ssl=1 768w\" sizes=\"auto, (max-width: 678px) 100vw, 678px\" \/><\/figure>\n<\/figure>\n<\/div><\/div>\n\n\n\n<div style=\"height:100px\" aria-hidden=\"true\" class=\"wp-block-spacer\"><\/div>\n\n\n\n<h2 class=\"wp-block-heading\">MISSION.<\/h2>\n\n\n\n<p class=\"\"><em>Provide services and comprehensive solutions for the management and production of hydrocarbons to companies in the energy sector, in order to ensure the profitability and satisfaction of our customers and other stakeholders, with innovation, processes and qualified staff, always ensuring the safety, health and environmental protection.<\/em><\/p>\n\n\n\n<h2 class=\"wp-block-heading\">VISION.<\/h2>\n\n\n\n<p class=\"\"><em>Be recognized by our customers, employees and shareholders, as a company that is cost-effective, dynamic, reliable, innovative and leader in oilfield services, which provides comprehensive solutions for the domestic energy sector.<\/em><\/p>\n\n\n\n<h2 class=\"wp-block-heading\">VALUES.<\/h2>\n\n\n\n<ul class=\"wp-block-list\">\n<li class=\"\"><em>Communication<\/em><\/li>\n\n\n\n<li class=\"\"><em>Occupational Hygiene<\/em><\/li>\n\n\n\n<li class=\"\"><em>Honesty<\/em><\/li>\n\n\n\n<li class=\"\"><em>Loyalty<\/em><\/li>\n\n\n\n<li class=\"\"><em>Respect<\/em><\/li>\n\n\n\n<li class=\"\"><em>Responsibility<\/em><\/li>\n<\/ul>\n\n\n\n<p class=\"\"><\/p>","protected":false},"excerpt":{"rendered":"<p>Gulf Supply Somos una empresa mexicana certificada, con m\u00e1s de 30 a\u00f1os de experiencia ofreciendo soluciones integrales para el mantenimiento, manejo y optimizaci\u00f3n de la producci\u00f3n de hidrocarburos en campos petroleros. Contamos con un amplio portafolio de servicios complementarios que impactan positivamente la operaci\u00f3n y producci\u00f3n de nuestros clientes. Qu\u00e9 Nos&nbsp;Distingue Nos destacamos por nuestra [&hellip;]<\/p>\n","protected":false},"author":1,"featured_media":0,"parent":0,"menu_order":0,"comment_status":"closed","ping_status":"closed","template":"","meta":{"nf_dc_page":"","om_disable_all_campaigns":false,"footnotes":""},"class_list":["post-20","page","type-page","status-publish","hentry"],"yoast_head":"<!-- This site is optimized with the Yoast SEO plugin v27.4 - https:\/\/yoast.com\/product\/yoast-seo-wordpress\/ -->\n<title>- Gulf Supply<\/title>\n<meta name=\"robots\" content=\"index, follow, max-snippet:-1, max-image-preview:large, max-video-preview:-1\" \/>\n<link rel=\"canonical\" href=\"https:\/\/gulfsupply.com.mx\/en\/sobre-nosotros\/\" \/>\n<meta property=\"og:locale\" content=\"en_US\" \/>\n<meta property=\"og:type\" content=\"article\" \/>\n<meta property=\"og:title\" content=\"- Gulf Supply\" \/>\n<meta property=\"og:description\" content=\"Gulf Supply Somos una empresa mexicana certificada, con m\u00e1s de 30 a\u00f1os de experiencia ofreciendo soluciones integrales para el mantenimiento, manejo y optimizaci\u00f3n de la producci\u00f3n de hidrocarburos en campos petroleros. Contamos con un amplio portafolio de servicios complementarios que impactan positivamente la operaci\u00f3n y producci\u00f3n de nuestros clientes. Qu\u00e9 Nos&nbsp;Distingue Nos destacamos por nuestra [&hellip;]\" \/>\n<meta property=\"og:url\" content=\"https:\/\/gulfsupply.com.mx\/en\/sobre-nosotros\/\" \/>\n<meta property=\"og:site_name\" content=\"Gulf Supply\" \/>\n<meta property=\"article:modified_time\" content=\"2025-06-02T17:56:46+00:00\" \/>\n<meta property=\"og:image\" content=\"https:\/\/gulfsupply.com.mx\/wp-content\/uploads\/2025\/04\/pumpjack-7059383_1280-1024x678.webp\" \/>\n<meta name=\"twitter:card\" content=\"summary_large_image\" \/>\n<meta name=\"twitter:label1\" content=\"Est. reading time\" \/>\n\t<meta name=\"twitter:data1\" content=\"2 minutes\" \/>\n<script type=\"application\/ld+json\" class=\"yoast-schema-graph\">{\"@context\":\"https:\\\/\\\/schema.org\",\"@graph\":[{\"@type\":\"WebPage\",\"@id\":\"https:\\\/\\\/gulfsupply.com.mx\\\/sobre-nosotros\\\/\",\"url\":\"https:\\\/\\\/gulfsupply.com.mx\\\/sobre-nosotros\\\/\",\"name\":\"- Gulf Supply\",\"isPartOf\":{\"@id\":\"https:\\\/\\\/gulfsupply.com.mx\\\/#website\"},\"primaryImageOfPage\":{\"@id\":\"https:\\\/\\\/gulfsupply.com.mx\\\/sobre-nosotros\\\/#primaryimage\"},\"image\":{\"@id\":\"https:\\\/\\\/gulfsupply.com.mx\\\/sobre-nosotros\\\/#primaryimage\"},\"thumbnailUrl\":\"https:\\\/\\\/gulfsupply.com.mx\\\/wp-content\\\/uploads\\\/2025\\\/04\\\/pumpjack-7059383_1280-1024x678.webp\",\"datePublished\":\"2025-04-08T05:02:37+00:00\",\"dateModified\":\"2025-06-02T17:56:46+00:00\",\"inLanguage\":\"en-US\",\"potentialAction\":[{\"@type\":\"ReadAction\",\"target\":[\"https:\\\/\\\/gulfsupply.com.mx\\\/sobre-nosotros\\\/\"]}]},{\"@type\":\"ImageObject\",\"inLanguage\":\"en-US\",\"@id\":\"https:\\\/\\\/gulfsupply.com.mx\\\/sobre-nosotros\\\/#primaryimage\",\"url\":\"https:\\\/\\\/gulfsupply.com.mx\\\/wp-content\\\/uploads\\\/2025\\\/04\\\/pumpjack-7059383_1280-1024x678.webp\",\"contentUrl\":\"https:\\\/\\\/gulfsupply.com.mx\\\/wp-content\\\/uploads\\\/2025\\\/04\\\/pumpjack-7059383_1280-1024x678.webp\"},{\"@type\":\"WebSite\",\"@id\":\"https:\\\/\\\/gulfsupply.com.mx\\\/#website\",\"url\":\"https:\\\/\\\/gulfsupply.com.mx\\\/\",\"name\":\"Gulf Supply\",\"description\":\"Inicio\",\"publisher\":{\"@id\":\"https:\\\/\\\/gulfsupply.com.mx\\\/#organization\"},\"potentialAction\":[{\"@type\":\"SearchAction\",\"target\":{\"@type\":\"EntryPoint\",\"urlTemplate\":\"https:\\\/\\\/gulfsupply.com.mx\\\/?s={search_term_string}\"},\"query-input\":{\"@type\":\"PropertyValueSpecification\",\"valueRequired\":true,\"valueName\":\"search_term_string\"}}],\"inLanguage\":\"en-US\"},{\"@type\":\"Organization\",\"@id\":\"https:\\\/\\\/gulfsupply.com.mx\\\/#organization\",\"name\":\"Gulf Supply\",\"url\":\"https:\\\/\\\/gulfsupply.com.mx\\\/\",\"logo\":{\"@type\":\"ImageObject\",\"inLanguage\":\"en-US\",\"@id\":\"https:\\\/\\\/gulfsupply.com.mx\\\/#\\\/schema\\\/logo\\\/image\\\/\",\"url\":\"https:\\\/\\\/i0.wp.com\\\/gulfsupply.com.mx\\\/wp-content\\\/uploads\\\/2025\\\/04\\\/cropped-438700815_992376719558600_8402714337920914076_n.jpg?fit=817%2C730&ssl=1\",\"contentUrl\":\"https:\\\/\\\/i0.wp.com\\\/gulfsupply.com.mx\\\/wp-content\\\/uploads\\\/2025\\\/04\\\/cropped-438700815_992376719558600_8402714337920914076_n.jpg?fit=817%2C730&ssl=1\",\"width\":817,\"height\":730,\"caption\":\"Gulf Supply\"},\"image\":{\"@id\":\"https:\\\/\\\/gulfsupply.com.mx\\\/#\\\/schema\\\/logo\\\/image\\\/\"}}]}<\/script>\n<!-- \/ Yoast SEO plugin. -->","yoast_head_json":{"title":"- Gulf Supply","robots":{"index":"index","follow":"follow","max-snippet":"max-snippet:-1","max-image-preview":"max-image-preview:large","max-video-preview":"max-video-preview:-1"},"canonical":"https:\/\/gulfsupply.com.mx\/en\/sobre-nosotros\/","og_locale":"en_US","og_type":"article","og_title":"- Gulf Supply","og_description":"Gulf Supply Somos una empresa mexicana certificada, con m\u00e1s de 30 a\u00f1os de experiencia ofreciendo soluciones integrales para el mantenimiento, manejo y optimizaci\u00f3n de la producci\u00f3n de hidrocarburos en campos petroleros. Contamos con un amplio portafolio de servicios complementarios que impactan positivamente la operaci\u00f3n y producci\u00f3n de nuestros clientes. Qu\u00e9 Nos&nbsp;Distingue Nos destacamos por nuestra [&hellip;]","og_url":"https:\/\/gulfsupply.com.mx\/en\/sobre-nosotros\/","og_site_name":"Gulf Supply","article_modified_time":"2025-06-02T17:56:46+00:00","og_image":[{"url":"https:\/\/gulfsupply.com.mx\/wp-content\/uploads\/2025\/04\/pumpjack-7059383_1280-1024x678.webp","type":"","width":"","height":""}],"twitter_card":"summary_large_image","twitter_misc":{"Est. reading time":"2 minutes"},"schema":{"@context":"https:\/\/schema.org","@graph":[{"@type":"WebPage","@id":"https:\/\/gulfsupply.com.mx\/sobre-nosotros\/","url":"https:\/\/gulfsupply.com.mx\/sobre-nosotros\/","name":"- Gulf Supply","isPartOf":{"@id":"https:\/\/gulfsupply.com.mx\/#website"},"primaryImageOfPage":{"@id":"https:\/\/gulfsupply.com.mx\/sobre-nosotros\/#primaryimage"},"image":{"@id":"https:\/\/gulfsupply.com.mx\/sobre-nosotros\/#primaryimage"},"thumbnailUrl":"https:\/\/gulfsupply.com.mx\/wp-content\/uploads\/2025\/04\/pumpjack-7059383_1280-1024x678.webp","datePublished":"2025-04-08T05:02:37+00:00","dateModified":"2025-06-02T17:56:46+00:00","inLanguage":"en-US","potentialAction":[{"@type":"ReadAction","target":["https:\/\/gulfsupply.com.mx\/sobre-nosotros\/"]}]},{"@type":"ImageObject","inLanguage":"en-US","@id":"https:\/\/gulfsupply.com.mx\/sobre-nosotros\/#primaryimage","url":"https:\/\/gulfsupply.com.mx\/wp-content\/uploads\/2025\/04\/pumpjack-7059383_1280-1024x678.webp","contentUrl":"https:\/\/gulfsupply.com.mx\/wp-content\/uploads\/2025\/04\/pumpjack-7059383_1280-1024x678.webp"},{"@type":"WebSite","@id":"https:\/\/gulfsupply.com.mx\/#website","url":"https:\/\/gulfsupply.com.mx\/","name":"Gulf Supply","description":"Home","publisher":{"@id":"https:\/\/gulfsupply.com.mx\/#organization"},"potentialAction":[{"@type":"SearchAction","target":{"@type":"EntryPoint","urlTemplate":"https:\/\/gulfsupply.com.mx\/?s={search_term_string}"},"query-input":{"@type":"PropertyValueSpecification","valueRequired":true,"valueName":"search_term_string"}}],"inLanguage":"en-US"},{"@type":"Organization","@id":"https:\/\/gulfsupply.com.mx\/#organization","name":"Gulf Supply","url":"https:\/\/gulfsupply.com.mx\/","logo":{"@type":"ImageObject","inLanguage":"en-US","@id":"https:\/\/gulfsupply.com.mx\/#\/schema\/logo\/image\/","url":"https:\/\/i0.wp.com\/gulfsupply.com.mx\/wp-content\/uploads\/2025\/04\/cropped-438700815_992376719558600_8402714337920914076_n.jpg?fit=817%2C730&ssl=1","contentUrl":"https:\/\/i0.wp.com\/gulfsupply.com.mx\/wp-content\/uploads\/2025\/04\/cropped-438700815_992376719558600_8402714337920914076_n.jpg?fit=817%2C730&ssl=1","width":817,"height":730,"caption":"Gulf Supply"},"image":{"@id":"https:\/\/gulfsupply.com.mx\/#\/schema\/logo\/image\/"}}]}},"jetpack_sharing_enabled":true,"_links":{"self":[{"href":"https:\/\/gulfsupply.com.mx\/en\/wp-json\/wp\/v2\/pages\/20","targetHints":{"allow":["GET"]}}],"collection":[{"href":"https:\/\/gulfsupply.com.mx\/en\/wp-json\/wp\/v2\/pages"}],"about":[{"href":"https:\/\/gulfsupply.com.mx\/en\/wp-json\/wp\/v2\/types\/page"}],"author":[{"embeddable":true,"href":"https:\/\/gulfsupply.com.mx\/en\/wp-json\/wp\/v2\/users\/1"}],"replies":[{"embeddable":true,"href":"https:\/\/gulfsupply.com.mx\/en\/wp-json\/wp\/v2\/comments?post=20"}],"version-history":[{"count":5,"href":"https:\/\/gulfsupply.com.mx\/en\/wp-json\/wp\/v2\/pages\/20\/revisions"}],"predecessor-version":[{"id":1051,"href":"https:\/\/gulfsupply.com.mx\/en\/wp-json\/wp\/v2\/pages\/20\/revisions\/1051"}],"wp:attachment":[{"href":"https:\/\/gulfsupply.com.mx\/en\/wp-json\/wp\/v2\/media?parent=20"}],"curies":[{"name":"wp","href":"https:\/\/api.w.org\/{rel}","templated":true}]}}