{"id":17,"date":"2025-04-08T05:01:34","date_gmt":"2025-04-08T05:01:34","guid":{"rendered":"https:\/\/gulfsupply.com.mx\/?page_id=17"},"modified":"2025-06-13T23:10:20","modified_gmt":"2025-06-14T05:10:20","slug":"servicios","status":"publish","type":"page","link":"https:\/\/gulfsupply.com.mx\/en\/servicios\/","title":{"rendered":"Services"},"content":{"rendered":"<div class=\"wp-block-columns nfd-wb-animate nfd-wb-fade-in-bottom is-layout-flex wp-container-core-columns-is-layout-9d6595d7 wp-block-columns-is-layout-flex\">\n<div class=\"wp-block-column is-layout-flow wp-block-column-is-layout-flow\">\n<h6 class=\"wp-block-heading\"><a href=\"https:\/\/gulfsupply.com.mx\/en\/operacion-y-mantenimiento-de-pozos\/\">Operation and Maintenance<\/a><\/h6>\n\n\n\n<p class=\"\"><a href=\"https:\/\/gulfsupply.com.mx\/en\/operacion-y-mantenimiento-de-pozos\/\">We have qualified personnel, procedures, equipment and tools for the monitoring and optimization of oil wells.<\/a><\/p>\n<\/div>\n\n\n\n<div class=\"wp-block-column is-layout-flow wp-block-column-is-layout-flow\">\n<h6 class=\"wp-block-heading\"><a href=\"https:\/\/gulfsupply.com.mx\/en\/soluciones-quimicas\/\">Chemical Solutions<\/a><\/h6>\n\n\n\n<p class=\"\"><a href=\"https:\/\/gulfsupply.com.mx\/en\/soluciones-quimicas\/\">Specialized equipment and trained staff to perform the installations, uninstallations, and preventive and corrective maintenance to equipment.<\/a><\/p>\n<\/div>\n<\/div>\n\n\n\n<div class=\"wp-block-columns nfd-wb-animate nfd-wb-fade-in-bottom is-layout-flex wp-container-core-columns-is-layout-9d6595d7 wp-block-columns-is-layout-flex\">\n<div class=\"wp-block-column is-layout-flow wp-block-column-is-layout-flow\">\n<figure class=\"wp-block-image size-full\"><img decoding=\"async\" width=\"363\" height=\"247\" loading=\"lazy\" src=\"https:\/\/i0.wp.com\/gulfsupply.com.mx\/wp-content\/uploads\/2025\/06\/Captura-de-pantalla-2025-06-13-230207.png?fit=363%2C247&amp;ssl=1\" alt=\"\" class=\"wp-image-1200\" srcset=\"https:\/\/i0.wp.com\/gulfsupply.com.mx\/wp-content\/uploads\/2025\/06\/Captura-de-pantalla-2025-06-13-230207.png?w=363&amp;ssl=1 363w, https:\/\/i0.wp.com\/gulfsupply.com.mx\/wp-content\/uploads\/2025\/06\/Captura-de-pantalla-2025-06-13-230207.png?resize=300%2C204&amp;ssl=1 300w, https:\/\/i0.wp.com\/gulfsupply.com.mx\/wp-content\/uploads\/2025\/06\/Captura-de-pantalla-2025-06-13-230207.png?resize=18%2C12&amp;ssl=1 18w\" sizes=\"auto, (max-width: 363px) 100vw, 363px\" \/><\/figure>\n<\/div>\n\n\n\n<div class=\"wp-block-column is-layout-flow wp-block-column-is-layout-flow\">\n<figure class=\"wp-block-image size-full\"><img decoding=\"async\" width=\"347\" height=\"249\" loading=\"lazy\" src=\"https:\/\/i0.wp.com\/gulfsupply.com.mx\/wp-content\/uploads\/2025\/06\/Captura-de-pantalla-2025-06-13-230217.png?fit=347%2C249&amp;ssl=1\" alt=\"\" class=\"wp-image-1202\" srcset=\"https:\/\/i0.wp.com\/gulfsupply.com.mx\/wp-content\/uploads\/2025\/06\/Captura-de-pantalla-2025-06-13-230217.png?w=347&amp;ssl=1 347w, https:\/\/i0.wp.com\/gulfsupply.com.mx\/wp-content\/uploads\/2025\/06\/Captura-de-pantalla-2025-06-13-230217.png?resize=300%2C215&amp;ssl=1 300w, https:\/\/i0.wp.com\/gulfsupply.com.mx\/wp-content\/uploads\/2025\/06\/Captura-de-pantalla-2025-06-13-230217.png?resize=18%2C12&amp;ssl=1 18w\" sizes=\"auto, (max-width: 347px) 100vw, 347px\" \/><\/figure>\n<\/div>\n<\/div>\n\n\n\n<div class=\"wp-block-columns nfd-wb-animate nfd-wb-fade-in-bottom is-layout-flex wp-container-core-columns-is-layout-9d6595d7 wp-block-columns-is-layout-flex\">\n<div class=\"wp-block-column is-layout-flow wp-block-column-is-layout-flow\">\n<h6 class=\"wp-block-heading\"><a href=\"https:\/\/gulfsupply.com.mx\/en\/apoyo-a-la-produccion\/\">Services Production Support<\/a><\/h6>\n\n\n\n<p class=\"\"><a href=\"https:\/\/gulfsupply.com.mx\/en\/apoyo-a-la-produccion\/\">By using the efficient combustion in boilers achieved through the patented technology.<\/a><\/p>\n<\/div>\n\n\n\n<div class=\"wp-block-column is-layout-flow wp-block-column-is-layout-flow\">\n<h6 class=\"wp-block-heading\"><a href=\"https:\/\/gulfsupply.com.mx\/en\/refineria\/\">Services for\u00a0<strong>Refineries<\/strong><\/a><\/h6>\n\n\n\n<p class=\"\"><a href=\"https:\/\/gulfsupply.com.mx\/en\/refineria\/\">By using the efficient combustion in boilers achieved through patented technology<\/a><\/p>\n<\/div>\n<\/div>\n\n\n\n<div class=\"wp-block-columns nfd-wb-animate nfd-wb-fade-in-bottom is-layout-flex wp-container-core-columns-is-layout-9d6595d7 wp-block-columns-is-layout-flex\">\n<div class=\"wp-block-column is-layout-flow wp-block-column-is-layout-flow\">\n<figure class=\"wp-block-image size-full\"><img decoding=\"async\" width=\"357\" height=\"239\" loading=\"lazy\" src=\"https:\/\/i0.wp.com\/gulfsupply.com.mx\/wp-content\/uploads\/2025\/06\/Captura-de-pantalla-2025-06-13-230235.png?fit=357%2C239&amp;ssl=1\" alt=\"\" class=\"wp-image-1204\" srcset=\"https:\/\/i0.wp.com\/gulfsupply.com.mx\/wp-content\/uploads\/2025\/06\/Captura-de-pantalla-2025-06-13-230235.png?w=357&amp;ssl=1 357w, https:\/\/i0.wp.com\/gulfsupply.com.mx\/wp-content\/uploads\/2025\/06\/Captura-de-pantalla-2025-06-13-230235.png?resize=300%2C201&amp;ssl=1 300w, https:\/\/i0.wp.com\/gulfsupply.com.mx\/wp-content\/uploads\/2025\/06\/Captura-de-pantalla-2025-06-13-230235.png?resize=18%2C12&amp;ssl=1 18w\" sizes=\"auto, (max-width: 357px) 100vw, 357px\" \/><\/figure>\n<\/div>\n\n\n\n<div class=\"wp-block-column is-layout-flow wp-block-column-is-layout-flow\">\n<figure class=\"wp-block-image size-full\"><img data-recalc-dims=\"1\" decoding=\"async\" width=\"393\" height=\"295\" loading=\"lazy\" src=\"https:\/\/i0.wp.com\/gulfsupply.com.mx\/wp-content\/uploads\/2025\/06\/Captura-de-pantalla-2025-06-13-230731-edited.png?resize=393%2C295&#038;ssl=1\" alt=\"\" class=\"wp-image-1211\" srcset=\"https:\/\/i0.wp.com\/gulfsupply.com.mx\/wp-content\/uploads\/2025\/06\/Captura-de-pantalla-2025-06-13-230731-edited.png?w=393&amp;ssl=1 393w, https:\/\/i0.wp.com\/gulfsupply.com.mx\/wp-content\/uploads\/2025\/06\/Captura-de-pantalla-2025-06-13-230731-edited.png?resize=300%2C225&amp;ssl=1 300w, https:\/\/i0.wp.com\/gulfsupply.com.mx\/wp-content\/uploads\/2025\/06\/Captura-de-pantalla-2025-06-13-230731-edited.png?resize=16%2C12&amp;ssl=1 16w\" sizes=\"auto, (max-width: 393px) 100vw, 393px\" \/><\/figure>\n<\/div>\n<\/div>\n\n\n\n<p class=\"\"><\/p>","protected":false},"excerpt":{"rendered":"<p>Operaci\u00f3n y Mantenimiento Contamos con personal calificado, procedimientos, equipos y herramientas adecuadas para la supervisi\u00f3n y optimizaci\u00f3n de pozos petroleros. Soluciones Qu\u00edmicas Equipo especializado con personal capacitado para realizar instalaciones, desinstalaciones y mantenimientos preventivos y correctivos a equipos. Servicios de Apoyo a la Producci\u00f3n Mediante la eficiente combusti\u00f3n en calderas lograda a trav\u00e9s de la [&hellip;]<\/p>\n","protected":false},"author":1,"featured_media":0,"parent":0,"menu_order":0,"comment_status":"closed","ping_status":"closed","template":"","meta":{"nf_dc_page":"","om_disable_all_campaigns":false,"footnotes":""},"class_list":["post-17","page","type-page","status-publish","hentry"],"yoast_head":"<!-- This site is optimized with the Yoast SEO plugin v27.4 - https:\/\/yoast.com\/product\/yoast-seo-wordpress\/ -->\n<title>Servicios - Gulf Supply<\/title>\n<meta name=\"robots\" content=\"index, follow, max-snippet:-1, max-image-preview:large, max-video-preview:-1\" \/>\n<link rel=\"canonical\" href=\"https:\/\/gulfsupply.com.mx\/en\/servicios\/\" \/>\n<meta property=\"og:locale\" content=\"en_US\" \/>\n<meta property=\"og:type\" content=\"article\" \/>\n<meta property=\"og:title\" content=\"Servicios - Gulf Supply\" \/>\n<meta property=\"og:description\" content=\"Operaci\u00f3n y Mantenimiento Contamos con personal calificado, procedimientos, equipos y herramientas adecuadas para la supervisi\u00f3n y optimizaci\u00f3n de pozos petroleros. Soluciones Qu\u00edmicas Equipo especializado con personal capacitado para realizar instalaciones, desinstalaciones y mantenimientos preventivos y correctivos a equipos. Servicios de Apoyo a la Producci\u00f3n Mediante la eficiente combusti\u00f3n en calderas lograda a trav\u00e9s de la [&hellip;]\" \/>\n<meta property=\"og:url\" content=\"https:\/\/gulfsupply.com.mx\/en\/servicios\/\" \/>\n<meta property=\"og:site_name\" content=\"Gulf Supply\" \/>\n<meta property=\"article:modified_time\" content=\"2025-06-14T05:10:20+00:00\" \/>\n<meta property=\"og:image\" content=\"https:\/\/i0.wp.com\/gulfsupply.com.mx\/wp-content\/uploads\/2025\/06\/Captura-de-pantalla-2025-06-13-230207.png?fit=363%2C247&ssl=1\" \/>\n\t<meta property=\"og:image:width\" content=\"363\" \/>\n\t<meta property=\"og:image:height\" content=\"247\" \/>\n\t<meta property=\"og:image:type\" content=\"image\/png\" \/>\n<meta name=\"twitter:card\" content=\"summary_large_image\" \/>\n<meta name=\"twitter:label1\" content=\"Est. reading time\" \/>\n\t<meta name=\"twitter:data1\" content=\"2 minutes\" \/>\n<script type=\"application\/ld+json\" class=\"yoast-schema-graph\">{\"@context\":\"https:\\\/\\\/schema.org\",\"@graph\":[{\"@type\":\"WebPage\",\"@id\":\"https:\\\/\\\/gulfsupply.com.mx\\\/servicios\\\/\",\"url\":\"https:\\\/\\\/gulfsupply.com.mx\\\/servicios\\\/\",\"name\":\"Servicios - Gulf Supply\",\"isPartOf\":{\"@id\":\"https:\\\/\\\/gulfsupply.com.mx\\\/#website\"},\"primaryImageOfPage\":{\"@id\":\"https:\\\/\\\/gulfsupply.com.mx\\\/servicios\\\/#primaryimage\"},\"image\":{\"@id\":\"https:\\\/\\\/gulfsupply.com.mx\\\/servicios\\\/#primaryimage\"},\"thumbnailUrl\":\"https:\\\/\\\/i0.wp.com\\\/gulfsupply.com.mx\\\/wp-content\\\/uploads\\\/2025\\\/06\\\/Captura-de-pantalla-2025-06-13-230207.png?fit=363%2C247&amp;ssl=1\",\"datePublished\":\"2025-04-08T05:01:34+00:00\",\"dateModified\":\"2025-06-14T05:10:20+00:00\",\"breadcrumb\":{\"@id\":\"https:\\\/\\\/gulfsupply.com.mx\\\/servicios\\\/#breadcrumb\"},\"inLanguage\":\"en-US\",\"potentialAction\":[{\"@type\":\"ReadAction\",\"target\":[\"https:\\\/\\\/gulfsupply.com.mx\\\/servicios\\\/\"]}]},{\"@type\":\"ImageObject\",\"inLanguage\":\"en-US\",\"@id\":\"https:\\\/\\\/gulfsupply.com.mx\\\/servicios\\\/#primaryimage\",\"url\":\"https:\\\/\\\/i0.wp.com\\\/gulfsupply.com.mx\\\/wp-content\\\/uploads\\\/2025\\\/06\\\/Captura-de-pantalla-2025-06-13-230207.png?fit=363%2C247&amp;ssl=1\",\"contentUrl\":\"https:\\\/\\\/i0.wp.com\\\/gulfsupply.com.mx\\\/wp-content\\\/uploads\\\/2025\\\/06\\\/Captura-de-pantalla-2025-06-13-230207.png?fit=363%2C247&amp;ssl=1\"},{\"@type\":\"BreadcrumbList\",\"@id\":\"https:\\\/\\\/gulfsupply.com.mx\\\/servicios\\\/#breadcrumb\",\"itemListElement\":[{\"@type\":\"ListItem\",\"position\":1,\"name\":\"Home\",\"item\":\"https:\\\/\\\/gulfsupply.com.mx\\\/\"},{\"@type\":\"ListItem\",\"position\":2,\"name\":\"Servicios\"}]},{\"@type\":\"WebSite\",\"@id\":\"https:\\\/\\\/gulfsupply.com.mx\\\/#website\",\"url\":\"https:\\\/\\\/gulfsupply.com.mx\\\/\",\"name\":\"Gulf Supply\",\"description\":\"Inicio\",\"publisher\":{\"@id\":\"https:\\\/\\\/gulfsupply.com.mx\\\/#organization\"},\"potentialAction\":[{\"@type\":\"SearchAction\",\"target\":{\"@type\":\"EntryPoint\",\"urlTemplate\":\"https:\\\/\\\/gulfsupply.com.mx\\\/?s={search_term_string}\"},\"query-input\":{\"@type\":\"PropertyValueSpecification\",\"valueRequired\":true,\"valueName\":\"search_term_string\"}}],\"inLanguage\":\"en-US\"},{\"@type\":\"Organization\",\"@id\":\"https:\\\/\\\/gulfsupply.com.mx\\\/#organization\",\"name\":\"Gulf Supply\",\"url\":\"https:\\\/\\\/gulfsupply.com.mx\\\/\",\"logo\":{\"@type\":\"ImageObject\",\"inLanguage\":\"en-US\",\"@id\":\"https:\\\/\\\/gulfsupply.com.mx\\\/#\\\/schema\\\/logo\\\/image\\\/\",\"url\":\"https:\\\/\\\/i0.wp.com\\\/gulfsupply.com.mx\\\/wp-content\\\/uploads\\\/2025\\\/04\\\/cropped-438700815_992376719558600_8402714337920914076_n.jpg?fit=817%2C730&ssl=1\",\"contentUrl\":\"https:\\\/\\\/i0.wp.com\\\/gulfsupply.com.mx\\\/wp-content\\\/uploads\\\/2025\\\/04\\\/cropped-438700815_992376719558600_8402714337920914076_n.jpg?fit=817%2C730&ssl=1\",\"width\":817,\"height\":730,\"caption\":\"Gulf Supply\"},\"image\":{\"@id\":\"https:\\\/\\\/gulfsupply.com.mx\\\/#\\\/schema\\\/logo\\\/image\\\/\"}}]}<\/script>\n<!-- \/ Yoast SEO plugin. -->","yoast_head_json":{"title":"Servicios - Gulf Supply","robots":{"index":"index","follow":"follow","max-snippet":"max-snippet:-1","max-image-preview":"max-image-preview:large","max-video-preview":"max-video-preview:-1"},"canonical":"https:\/\/gulfsupply.com.mx\/en\/servicios\/","og_locale":"en_US","og_type":"article","og_title":"Servicios - Gulf Supply","og_description":"Operaci\u00f3n y Mantenimiento Contamos con personal calificado, procedimientos, equipos y herramientas adecuadas para la supervisi\u00f3n y optimizaci\u00f3n de pozos petroleros. Soluciones Qu\u00edmicas Equipo especializado con personal capacitado para realizar instalaciones, desinstalaciones y mantenimientos preventivos y correctivos a equipos. Servicios de Apoyo a la Producci\u00f3n Mediante la eficiente combusti\u00f3n en calderas lograda a trav\u00e9s de la [&hellip;]","og_url":"https:\/\/gulfsupply.com.mx\/en\/servicios\/","og_site_name":"Gulf Supply","article_modified_time":"2025-06-14T05:10:20+00:00","og_image":[{"width":363,"height":247,"url":"https:\/\/i0.wp.com\/gulfsupply.com.mx\/wp-content\/uploads\/2025\/06\/Captura-de-pantalla-2025-06-13-230207.png?fit=363%2C247&ssl=1","type":"image\/png"}],"twitter_card":"summary_large_image","twitter_misc":{"Est. reading time":"2 minutes"},"schema":{"@context":"https:\/\/schema.org","@graph":[{"@type":"WebPage","@id":"https:\/\/gulfsupply.com.mx\/servicios\/","url":"https:\/\/gulfsupply.com.mx\/servicios\/","name":"Servicios - Gulf Supply","isPartOf":{"@id":"https:\/\/gulfsupply.com.mx\/#website"},"primaryImageOfPage":{"@id":"https:\/\/gulfsupply.com.mx\/servicios\/#primaryimage"},"image":{"@id":"https:\/\/gulfsupply.com.mx\/servicios\/#primaryimage"},"thumbnailUrl":"https:\/\/i0.wp.com\/gulfsupply.com.mx\/wp-content\/uploads\/2025\/06\/Captura-de-pantalla-2025-06-13-230207.png?fit=363%2C247&amp;ssl=1","datePublished":"2025-04-08T05:01:34+00:00","dateModified":"2025-06-14T05:10:20+00:00","breadcrumb":{"@id":"https:\/\/gulfsupply.com.mx\/servicios\/#breadcrumb"},"inLanguage":"en-US","potentialAction":[{"@type":"ReadAction","target":["https:\/\/gulfsupply.com.mx\/servicios\/"]}]},{"@type":"ImageObject","inLanguage":"en-US","@id":"https:\/\/gulfsupply.com.mx\/servicios\/#primaryimage","url":"https:\/\/i0.wp.com\/gulfsupply.com.mx\/wp-content\/uploads\/2025\/06\/Captura-de-pantalla-2025-06-13-230207.png?fit=363%2C247&amp;ssl=1","contentUrl":"https:\/\/i0.wp.com\/gulfsupply.com.mx\/wp-content\/uploads\/2025\/06\/Captura-de-pantalla-2025-06-13-230207.png?fit=363%2C247&amp;ssl=1"},{"@type":"BreadcrumbList","@id":"https:\/\/gulfsupply.com.mx\/servicios\/#breadcrumb","itemListElement":[{"@type":"ListItem","position":1,"name":"Home","item":"https:\/\/gulfsupply.com.mx\/"},{"@type":"ListItem","position":2,"name":"Servicios"}]},{"@type":"WebSite","@id":"https:\/\/gulfsupply.com.mx\/#website","url":"https:\/\/gulfsupply.com.mx\/","name":"Gulf Supply","description":"Home","publisher":{"@id":"https:\/\/gulfsupply.com.mx\/#organization"},"potentialAction":[{"@type":"SearchAction","target":{"@type":"EntryPoint","urlTemplate":"https:\/\/gulfsupply.com.mx\/?s={search_term_string}"},"query-input":{"@type":"PropertyValueSpecification","valueRequired":true,"valueName":"search_term_string"}}],"inLanguage":"en-US"},{"@type":"Organization","@id":"https:\/\/gulfsupply.com.mx\/#organization","name":"Gulf Supply","url":"https:\/\/gulfsupply.com.mx\/","logo":{"@type":"ImageObject","inLanguage":"en-US","@id":"https:\/\/gulfsupply.com.mx\/#\/schema\/logo\/image\/","url":"https:\/\/i0.wp.com\/gulfsupply.com.mx\/wp-content\/uploads\/2025\/04\/cropped-438700815_992376719558600_8402714337920914076_n.jpg?fit=817%2C730&ssl=1","contentUrl":"https:\/\/i0.wp.com\/gulfsupply.com.mx\/wp-content\/uploads\/2025\/04\/cropped-438700815_992376719558600_8402714337920914076_n.jpg?fit=817%2C730&ssl=1","width":817,"height":730,"caption":"Gulf Supply"},"image":{"@id":"https:\/\/gulfsupply.com.mx\/#\/schema\/logo\/image\/"}}]}},"jetpack_sharing_enabled":true,"_links":{"self":[{"href":"https:\/\/gulfsupply.com.mx\/en\/wp-json\/wp\/v2\/pages\/17","targetHints":{"allow":["GET"]}}],"collection":[{"href":"https:\/\/gulfsupply.com.mx\/en\/wp-json\/wp\/v2\/pages"}],"about":[{"href":"https:\/\/gulfsupply.com.mx\/en\/wp-json\/wp\/v2\/types\/page"}],"author":[{"embeddable":true,"href":"https:\/\/gulfsupply.com.mx\/en\/wp-json\/wp\/v2\/users\/1"}],"replies":[{"embeddable":true,"href":"https:\/\/gulfsupply.com.mx\/en\/wp-json\/wp\/v2\/comments?post=17"}],"version-history":[{"count":4,"href":"https:\/\/gulfsupply.com.mx\/en\/wp-json\/wp\/v2\/pages\/17\/revisions"}],"predecessor-version":[{"id":1214,"href":"https:\/\/gulfsupply.com.mx\/en\/wp-json\/wp\/v2\/pages\/17\/revisions\/1214"}],"wp:attachment":[{"href":"https:\/\/gulfsupply.com.mx\/en\/wp-json\/wp\/v2\/media?parent=17"}],"curies":[{"name":"wp","href":"https:\/\/api.w.org\/{rel}","templated":true}]}}